{"id":703,"date":"2019-05-20T18:44:56","date_gmt":"2019-05-20T16:44:56","guid":{"rendered":"http:\/\/localhost:8888\/site\/?page_id=633"},"modified":"2020-11-07T14:27:59","modified_gmt":"2020-11-07T13:27:59","slug":"cahier-jacques-lacarriere-1-naissances","status":"publish","type":"page","link":"https:\/\/www.cheminsfaisant.org\/site\/cahier-jacques-lacarriere-1-naissances\/","title":{"rendered":"Cahiers Jacques Lacarri\u00e8re 1, Naissances"},"content":{"rendered":"\n<figure class=\"wp-block-table\"><table><tbody><tr><td>\n <\/td><td>&nbsp;&nbsp;&nbsp;<\/td><td>\nPour ne pas perdre son empreinte, l\u2019association Chemins faisant qui r\u00e9unit les amis de Jacques Lacarri\u00e8re a d\u00e9cid\u00e9 de publier chaque ann\u00e9e un \u00ab&nbsp;Cahier&nbsp;\u00bb o\u00f9 se rencontrent des auteurs, des peintres, des po\u00e8tes sur des th\u00e8mes qui lui \u00e9taient chers&nbsp;: l\u2019\u00e9merveillement, la nature, le voyage\u2026\n\nSi nous avons choisi pour ce premier num\u00e9ro ce th\u00e8me des Naissances, c\u2019est parce qu\u2019il est en harmonie avec le parcours de Jacques Lacarri\u00e8re dont l\u2019\u00e9criture est n\u00e9e de lieux et de rencontres comme autant de nouvelles venues au monde. N\u00e9 \u00e0 Limoges, il doit cependant sa vraie naissance \u00e0 la Sologne et \u00e0 la Loire.\n\nLa premi\u00e8re partie r\u00e9unit des textes de Jacques Lacarri\u00e8re sur ce fleuve \u00ab&nbsp;qui coulera toujours au c\u0153ur de sa m\u00e9moire&nbsp;\u00bb&nbsp;; la seconde invite vingt-deux \u00e9crivains, compagnons de route de tous horizons \u2013 Sylvie Germain, Salah St\u00e9ti\u00e9, Ananda D\u00e9vi, Andr\u00e9 Velter, Michel Le Bris&#8230; \u2013 \u00e0 dire ce qui, pour chacun, a repr\u00e9sent\u00e9 une \u00ab&nbsp;naissance&nbsp;\u00bb.\n\n\n<\/td><\/tr><\/tbody><\/table><\/figure>\n\n\n\n<p><br><br>\n&nbsp;&nbsp;&nbsp;&nbsp;&nbsp;&nbsp;&nbsp;&nbsp;&nbsp;&nbsp;&nbsp;&nbsp;&nbsp;&nbsp;&nbsp;&nbsp;&nbsp;&nbsp;&nbsp;&nbsp;Sommaire<br>\n<br><br>\n<\/p>\n\n\n\n<figure class=\"wp-block-table\"><table><tbody><tr><td>&nbsp;&nbsp;&nbsp;&nbsp;&nbsp;&nbsp;&nbsp;&nbsp;&nbsp;&nbsp;&nbsp;&nbsp;&nbsp;&nbsp;&nbsp;&nbsp;<\/td><td>Gil Jouanard<\/td><td>&nbsp;&nbsp;<\/td><td>Des cahiers pour m\u00e9moire<\/td><\/tr><tr><td>&nbsp;&nbsp;&nbsp;&nbsp;&nbsp;&nbsp;&nbsp;&nbsp;&nbsp;&nbsp;&nbsp;&nbsp;&nbsp;&nbsp;&nbsp;&nbsp;<\/td><td>Jacques Lacarri\u00e8re<\/td><td>&nbsp;&nbsp;<\/td><td>O\u00f9 sommes-nous n\u00e9s?<\/td><\/tr><tr><td>&nbsp;&nbsp;&nbsp;&nbsp;&nbsp;&nbsp;&nbsp;&nbsp;&nbsp;&nbsp;&nbsp;&nbsp;&nbsp;&nbsp;&nbsp;&nbsp;<\/td><td>Jacques Lacarri\u00e8re<\/td><td>&nbsp;&nbsp;<\/td><td>Naissances<\/td><\/tr><tr><td>&nbsp;&nbsp;&nbsp;&nbsp;&nbsp;&nbsp;&nbsp;&nbsp;&nbsp;&nbsp;&nbsp;&nbsp;&nbsp;&nbsp;&nbsp;&nbsp;<\/td><td>Yvon Le Men<\/td><td>&nbsp;&nbsp;<\/td><td>Pour Jacques Lacarri\u00e8re<\/td><\/tr><tr><td>&nbsp;&nbsp;&nbsp;&nbsp;&nbsp;&nbsp;&nbsp;&nbsp;&nbsp;&nbsp;&nbsp;&nbsp;&nbsp;&nbsp;&nbsp;&nbsp;<\/td><td>Pierre Bergougnioux<\/td><td>&nbsp;&nbsp;<\/td><td>Le Chemin <\/td><\/tr><tr><td>&nbsp;&nbsp;&nbsp;&nbsp;&nbsp;&nbsp;&nbsp;&nbsp;&nbsp;&nbsp;&nbsp;&nbsp;&nbsp;&nbsp;&nbsp;&nbsp;<\/td><td>Jean-Pierre Sim\u00e9on<\/td><td>&nbsp;&nbsp;<\/td><td>Genesis et gn\u00f4sis<\/td><\/tr><tr><td>&nbsp;&nbsp;&nbsp;&nbsp;&nbsp;&nbsp;&nbsp;&nbsp;&nbsp;&nbsp;&nbsp;&nbsp;&nbsp;&nbsp;&nbsp;&nbsp;<\/td><td>Sylvie Germain<\/td><td>&nbsp;&nbsp;<\/td><td>D\u00e9douanage<\/td><\/tr><tr><td>&nbsp;&nbsp;&nbsp;&nbsp;&nbsp;&nbsp;&nbsp;&nbsp;&nbsp;&nbsp;&nbsp;&nbsp;&nbsp;&nbsp;&nbsp;&nbsp;<\/td><td>V\u00e9nus Khoury-Gatha<\/td><td>&nbsp;&nbsp;<\/td><td>Naissance<\/td><\/tr><tr><td>&nbsp;&nbsp;&nbsp;&nbsp;&nbsp;&nbsp;&nbsp;&nbsp;&nbsp;&nbsp;&nbsp;&nbsp;&nbsp;&nbsp;&nbsp;&nbsp;<\/td><td>Nirnrod<\/td><td>&nbsp;&nbsp;<\/td><td>Connaissance d&rsquo;Aim\u00e9 C\u00e9saire<\/td><\/tr><tr><td>&nbsp;&nbsp;&nbsp;&nbsp;&nbsp;&nbsp;&nbsp;&nbsp;&nbsp;&nbsp;&nbsp;&nbsp;&nbsp;&nbsp;&nbsp;&nbsp;<\/td><td>Val\u00e9rie Marin-La-MesI\u00e9e<\/td><td>&nbsp;&nbsp;<\/td><td>Soudain visible<\/td><\/tr><tr><td>&nbsp;&nbsp;&nbsp;&nbsp;&nbsp;&nbsp;&nbsp;&nbsp;&nbsp;&nbsp;&nbsp;&nbsp;&nbsp;&nbsp;&nbsp;&nbsp;<\/td><td>Jacques Meunier<\/td><td>&nbsp;&nbsp;<\/td><td>Souvenir d&rsquo;enfance d&rsquo;un ethnologue d\u00e9froqu\u00e9<\/td><\/tr><tr><td>&nbsp;&nbsp;&nbsp;&nbsp;&nbsp;&nbsp;&nbsp;&nbsp;&nbsp;&nbsp;&nbsp;&nbsp;&nbsp;&nbsp;&nbsp;&nbsp;<\/td><td>Abdourahman A.Waberi<\/td><td>&nbsp;&nbsp;<\/td><td>Pas de neige chagalienne pour Vilnius<\/td><\/tr><tr><td>&nbsp;&nbsp;&nbsp;&nbsp;&nbsp;&nbsp;&nbsp;&nbsp;&nbsp;&nbsp;&nbsp;&nbsp;&nbsp;&nbsp;&nbsp;&nbsp;<\/td><td>Breyten Breytenbach<\/td><td>&nbsp;&nbsp;<\/td><td>Je mourrai et j&rsquo;irai chez mon p\u00e8re<\/td><\/tr><tr><td>&nbsp;&nbsp;&nbsp;&nbsp;&nbsp;&nbsp;&nbsp;&nbsp;&nbsp;&nbsp;&nbsp;&nbsp;&nbsp;&nbsp;&nbsp;&nbsp;<\/td><td>Werner Lambersy<\/td><td>&nbsp;&nbsp;<\/td><td>Petite mythologie personnelle<\/td><\/tr><tr><td>&nbsp;&nbsp;&nbsp;&nbsp;&nbsp;&nbsp;&nbsp;&nbsp;&nbsp;&nbsp;&nbsp;&nbsp;&nbsp;&nbsp;&nbsp;&nbsp;<\/td><td>Pascal Dibie<\/td><td>&nbsp;&nbsp;<\/td><td>La Naissance<\/td><\/tr><tr><td>&nbsp;&nbsp;&nbsp;&nbsp;&nbsp;&nbsp;&nbsp;&nbsp;&nbsp;&nbsp;&nbsp;&nbsp;&nbsp;&nbsp;&nbsp;&nbsp;<\/td><td>Kadhim Jihad Hassan<\/td><td>&nbsp;&nbsp;<\/td><td>Naissance et Temps retrouv\u00e9<\/td><\/tr><tr><td>&nbsp;&nbsp;&nbsp;&nbsp;&nbsp;&nbsp;&nbsp;&nbsp;&nbsp;&nbsp;&nbsp;&nbsp;&nbsp;&nbsp;&nbsp;&nbsp;<\/td><td>Francesca Yvonne Caroutch<\/td><td>&nbsp;&nbsp;<\/td><td>Naissance quotidienne<\/td><\/tr><\/tbody><\/table><\/figure>\n","protected":false},"excerpt":{"rendered":"<p>&nbsp;&nbsp;&nbsp; Pour ne pas perdre son empreinte, l\u2019association Chemins faisant qui r\u00e9unit les amis de Jacques Lacarri\u00e8re a d\u00e9cid\u00e9 de publier chaque ann\u00e9e un \u00ab&nbsp;Cahier&nbsp;\u00bb o\u00f9 se rencontrent des auteurs, des peintres, des po\u00e8tes sur des th\u00e8mes qui lui \u00e9taient chers&nbsp;: l\u2019\u00e9merveillement, la nature, le voyage\u2026 Si nous avons choisi pour ce premier num\u00e9ro ce &hellip; <\/p>\n<p class=\"link-more\"><a href=\"https:\/\/www.cheminsfaisant.org\/site\/cahier-jacques-lacarriere-1-naissances\/\" class=\"more-link\">Continuer la lecture<span class=\"screen-reader-text\"> de &laquo;&nbsp;Cahiers Jacques Lacarri\u00e8re 1, Naissances&nbsp;&raquo;<\/span><\/a><\/p>\n","protected":false},"author":1,"featured_media":133,"parent":0,"menu_order":0,"comment_status":"closed","ping_status":"closed","template":"","meta":{"footnotes":""},"class_list":["post-703","page","type-page","status-publish","has-post-thumbnail","hentry"],"_links":{"self":[{"href":"https:\/\/www.cheminsfaisant.org\/site\/wp-json\/wp\/v2\/pages\/703","targetHints":{"allow":["GET"]}}],"collection":[{"href":"https:\/\/www.cheminsfaisant.org\/site\/wp-json\/wp\/v2\/pages"}],"about":[{"href":"https:\/\/www.cheminsfaisant.org\/site\/wp-json\/wp\/v2\/types\/page"}],"author":[{"embeddable":true,"href":"https:\/\/www.cheminsfaisant.org\/site\/wp-json\/wp\/v2\/users\/1"}],"replies":[{"embeddable":true,"href":"https:\/\/www.cheminsfaisant.org\/site\/wp-json\/wp\/v2\/comments?post=703"}],"version-history":[{"count":2,"href":"https:\/\/www.cheminsfaisant.org\/site\/wp-json\/wp\/v2\/pages\/703\/revisions"}],"predecessor-version":[{"id":2267,"href":"https:\/\/www.cheminsfaisant.org\/site\/wp-json\/wp\/v2\/pages\/703\/revisions\/2267"}],"wp:featuredmedia":[{"embeddable":true,"href":"https:\/\/www.cheminsfaisant.org\/site\/wp-json\/wp\/v2\/media\/133"}],"wp:attachment":[{"href":"https:\/\/www.cheminsfaisant.org\/site\/wp-json\/wp\/v2\/media?parent=703"}],"curies":[{"name":"wp","href":"https:\/\/api.w.org\/{rel}","templated":true}]}}