{"id":4,"date":"2017-10-30T13:56:06","date_gmt":"2017-10-30T12:56:06","guid":{"rendered":"http:\/\/localhost:8888\/mon-site\/?page_id=4"},"modified":"2024-02-11T23:03:23","modified_gmt":"2024-02-11T22:03:23","slug":"lassociation","status":"publish","type":"page","link":"https:\/\/www.cheminsfaisant.org\/site\/lassociation\/","title":{"rendered":"L&rsquo;association"},"content":{"rendered":"\n<p>Cr\u00e9\u00e9e en 2006 par Luis Mizon, Gil Jouanard, Jean Guiloineau, C\u00e9cilia Joxe et Sylvia Lacarri\u00e8re, <strong><em>Chemins faisant<\/em><\/strong>, <strong>Soci\u00e9t\u00e9 des amis de Jacques Lacarri\u00e8re<\/strong>, est aujourd&rsquo;hui pr\u00e9sid\u00e9e par Annie Terrier, Sylvia Lacarri\u00e8re en est la directrice artistique et Michel de Haro le secr\u00e9taire g\u00e9n\u00e9ral.<\/p>\n\n\n\n<p>Parmi ses activit\u00e9s Chemins faisant a cr\u00e9\u00e9 en 2018 <a href=\"https:\/\/www.cheminsfaisant.org\/site\/presentation\/\" target=\"_blank\" rel=\"noreferrer noopener\">le Prix Litt\u00e9raire Jacques Lacarri\u00e8re,<\/a> remis depuis tous les deux ans et dont le jury est aujourd&rsquo;hui pr\u00e9sid\u00e9 par Val\u00e9rie Marin La Mesl\u00e9e.<\/p>\n\n\n\n<p>Ce site est maintenu par l&rsquo;\u00e9quipe comme un centre de ressources sur l&rsquo;oeuvre toujours vivante de Jacques Lacarri\u00e8re. Il rend compte \u00e9galement de l&rsquo;activit\u00e9 des membres de l&rsquo;association et de ses compagnons depuis 2006.<\/p>\n\n\n\n<h2 class=\"wp-block-heading\"><strong>Jacques Lacarri\u00e8re et Annie Terrier<\/strong><\/h2>\n\n\n\n<p>\u00ab&nbsp;Une liaison&nbsp;\u00bb heureuse et&nbsp;tellement f\u00e9conde de plus de trente ans,&nbsp;depuis notre premi\u00e8re&nbsp;rencontre, dans la fin des ann\u00e9es 70 \u2013 &nbsp;et l\u2019on ne s&rsquo;est gu\u00e8re quitt\u00e9s depuis-<br>Rencontre \u00e0 la &nbsp;Chartreuse de&nbsp;Villeneuve-lez-Avignon, gr\u00e2ce \u00e0 l\u2019ami Gil Jouanard, premier pr\u00e9sident des&nbsp;<em>\u00c9critures Crois\u00e9es<\/em>, le&nbsp;regrett\u00e9 Gil, qui y dirigeait&nbsp;alors \u00ab&nbsp;La&nbsp;Maison du Livre&nbsp;et&nbsp;des Mots&nbsp;\u00bb. Une amiti\u00e9 qui s\u2019est poursuivie&nbsp;jusqu\u2019\u00e0 Aix, avec&nbsp;<em>Les&nbsp;\u00c9critures Crois\u00e9es<\/em>&nbsp;que j\u2019ai fond\u00e9es en 1983,&nbsp;et&nbsp;ce, jusqu\u2019\u00e0 la mort&nbsp;de Jacques, en 2005. &nbsp;<br>Aussi, c\u2019est&nbsp;avec un grand bonheur, que j\u2019ai&nbsp;accept\u00e9 la&nbsp;pr\u00e9sidence de \u00ab&nbsp;l\u2019association Chemins faisant&nbsp;\u00bb une fa\u00e7on, pour moi&nbsp;de continuer \u00e0 baliser ce \u00ab&nbsp;Chemin d\u2019amiti\u00e9s \u00bb.&nbsp;<br>Une belle histoire, en plus de cette fid\u00e8le amiti\u00e9, de complicit\u00e9, d\u2019\u00e9changes, de r\u00e9cits enchanteurs\u2026<br><strong>Annie terrier<\/strong><\/p>\n\n\n\n<h2 class=\"wp-block-heading\"><strong>Chemins faisant<\/strong> <strong>et Gil Jouanard<\/strong><\/h2>\n\n\n\n<p><em>Ici, les mots rencontrent les \u00eatres vivants et les images retrouvent les lieux dont elles furent ou dont elles sont le chant. Un chant d\u2019images, des portraits vivants. Et des chemins dont le sens a toujours \u00e9t\u00e9 pour Jacques de relier entre eux les gens de l\u2019Ailleurs \u2013 et ceux de l\u2019Ici, rendre proches tous les lointains.&nbsp;<\/em><br><strong>Gil Jouanard<\/strong>.&nbsp;<\/p>\n\n\n\n<h2 class=\"wp-block-heading\"><strong>Pr\u00e9sentation de l&rsquo;association par Gil Jouanard<\/strong><\/h2>\n\n\n\n<div class=\"wp-block-media-text alignwide is-stacked-on-mobile\" style=\"grid-template-columns:19% auto\"><figure class=\"wp-block-media-text__media\"><img loading=\"lazy\" decoding=\"async\" width=\"363\" height=\"594\" src=\"https:\/\/www.cheminsfaisant.org\/site\/wp-content\/uploads\/2017\/10\/Asso.jpg\" alt=\"\" class=\"wp-image-5 size-full\" srcset=\"https:\/\/www.cheminsfaisant.org\/site\/wp-content\/uploads\/2017\/10\/Asso.jpg 363w, https:\/\/www.cheminsfaisant.org\/site\/wp-content\/uploads\/2017\/10\/Asso-183x300.jpg 183w\" sizes=\"auto, (max-width: 363px) 100vw, 363px\" \/><\/figure><div class=\"wp-block-media-text__content\">\n<p>En authentique mystique mat\u00e9rialiste, proche parent des bouddhistes, Jacques Lacarri\u00e8re se sera tenu fid\u00e8lement dans le respect de la fameuse assertion de Parm\u00e9nide : \u00ab Peu m\u2019importe mon commencement, car c\u2019est l\u00e0 que je reviendrai \u00bb. Et en effet, parti du centre m\u00eame du labyrinthe initiatique de la cath\u00e9drale de Chartres, c\u2019est bien au c\u0153ur du d\u00e9dale supr\u00eame que le voici revenu. Pour cela, il aura sans cesse \u00e9largi l\u2019envergure de la spirale, de la Loire de Ronsard et de Cout\u00e9 jusqu\u2019\u00e0 la Bourgogne de Restif et de Roupnel.<\/p>\n<\/div><\/div>\n\n\n<div>\n<p>Puis, infatigable Prot\u00e9e et insatiable Icare terrestre, le voil\u00e0 aux bouches de l\u2019oracle de Delphes et devant la chambre d\u2019\u00e9chos \u00e0 ciel ouvert d\u2019Epidaure. Refaisant le p\u00e8lerinage alexandrin, se laissant conqu\u00e9rir par Byzance et par la Sublime Porte, sacrifiant au rite de Shiva-Dyonisos, mettant enfin le cap sur la cl\u00e9 de vo\u00fbte \u00e9gyptienne, puis sur la douceur hospitali\u00e8re du Maghreb.<\/p>\n<p>Le voil\u00e0 revenu au centre, au c\u0153ur, dans l\u2019ordre et la beaut\u00e9, dans le luxe, le calme et la volupt\u00e9 ; de l\u00e0, il nous fait signe.<\/p>\n<p>C\u2019est afin de r\u00e9pondre \u00e0 son invitation permanente au voyage que certains de ses amis ont d\u00e9cid\u00e9 de lui faire escorte, sous la banni\u00e8re de \u00ab Chemins faisant \u00bb, le pluriel s\u2019attachant \u00e0 signifier la pluralit\u00e9, la diversit\u00e9, l\u2019\u0153cum\u00e9nisme cosmopolite de sa navigation \u00e0 l\u2019estime.<br \/>Ils s\u2019engagent par l\u00e0, non pas \u00e0 c\u00e9l\u00e9brer, mais \u00e0 maintenir en vie sa m\u00e9moire, \u00e0 le garder pr\u00e9sent, au centre du labyrinthe o\u00f9 il conduit la m\u00e9lancolique sarabande de notre fid\u00e9lit\u00e9.<br \/>Chemins faisant multipliera les occasions de rencontre avec Jacques Lacarri\u00e8re, et dans son sillage avec d\u2019autres auteurs, selon ce m\u00eame principe d\u2019itin\u00e9rance fertile qui fut et reste le moteur de sa pr\u00e9sence la plus r\u00e9elle.<\/p>\n<p><strong>Gil Jouanard<\/strong><\/p>\n<div id=\"content\" class=\"site-content\">\n<div class=\"wrap\">\n<div id=\"primary\" class=\"content-area\"><main id=\"main\" class=\"site-main\">\n<article id=\"post-1773\" class=\"post-1773 page type-page status-publish hentry\">\n<div class=\"entry-content\">\n<h2 class=\"wp-block-heading\"><strong>Le Manifeste de Chemins faisant lors de sa cr\u00e9ation en 2006<\/strong><\/h2>\n<div class=\"wp-block-file\" data-wp-interactive=\"\"><object class=\"wp-block-file__embed\" data=\"https:\/\/www.cheminsfaisant.org\/site\/wp-content\/uploads\/2024\/02\/CF-Manifeste-de-Chemins-faisant.pdf\" type=\"application\/pdf\" width=\"300\" height=\"150\" data-wp-bind--hidden=\"!selectors.core.file.hasPdfPreview\" aria-label=\"Contenu embarqu\u00e9 CF-2007 Manifeste-de-Chemins-faisant.\" data-mce-fragment=\"1\"><\/object><a id=\"wp-block-file--media-12b055db-7978-4d6e-b24b-eafd1621e4e3\" href=\"https:\/\/www.cheminsfaisant.org\/site\/wp-content\/uploads\/2024\/02\/CF-Manifeste-de-Chemins-faisant.pdf\">CF-2007 Manifeste-de-Chemins-faisant<\/a><a class=\"wp-block-file__button wp-element-button\" href=\"https:\/\/www.cheminsfaisant.org\/site\/wp-content\/uploads\/2024\/02\/CF-Manifeste-de-Chemins-faisant.pdf\" download=\"\" aria-describedby=\"wp-block-file--media-12b055db-7978-4d6e-b24b-eafd1621e4e3\">T\u00e9l\u00e9charger<\/a><\/div>\n<\/div>\n<\/article>\n<p>\u00a0<\/p>\n<\/main><\/div>\n<\/div>\n<\/div>\n<footer id=\"colophon\" class=\"site-footer\">\n<div class=\"wrap\">\n<aside class=\"widget-area\" aria-label=\"Pied de page\">\n<div class=\"widget-column footer-widget-1\">\u00a0<\/div>\n<\/aside>\n<\/div>\n<\/footer>\n<p><a href=\"https:\/\/www.cheminsfaisant.org\/site\/wp-content\/uploads\/2023\/12\/CF-Bulletin-dadhesion-2024.pdf\" target=\"_blank\" rel=\"noopener\">Adh\u00e9rez \u00e0 l&rsquo;association Chemins faisant&#8230;<\/a><\/p>\n<\/div>","protected":false},"excerpt":{"rendered":"<p>Cr\u00e9\u00e9e en 2006 par Luis Mizon, Gil Jouanard, Jean Guiloineau, C\u00e9cilia Joxe et Sylvia Lacarri\u00e8re, Chemins faisant, Soci\u00e9t\u00e9 des amis de Jacques Lacarri\u00e8re, est aujourd&rsquo;hui pr\u00e9sid\u00e9e par Annie Terrier, Sylvia Lacarri\u00e8re en est la directrice artistique et Michel de Haro le secr\u00e9taire g\u00e9n\u00e9ral. Parmi ses activit\u00e9s Chemins faisant a cr\u00e9\u00e9 en 2018 le Prix Litt\u00e9raire &hellip; <\/p>\n<p class=\"link-more\"><a href=\"https:\/\/www.cheminsfaisant.org\/site\/lassociation\/\" class=\"more-link\">Continuer la lecture<span class=\"screen-reader-text\"> de &laquo;&nbsp;L&rsquo;association&nbsp;&raquo;<\/span><\/a><\/p>\n","protected":false},"author":1,"featured_media":0,"parent":0,"menu_order":0,"comment_status":"closed","ping_status":"closed","template":"","meta":{"footnotes":""},"class_list":["post-4","page","type-page","status-publish","hentry"],"_links":{"self":[{"href":"https:\/\/www.cheminsfaisant.org\/site\/wp-json\/wp\/v2\/pages\/4","targetHints":{"allow":["GET"]}}],"collection":[{"href":"https:\/\/www.cheminsfaisant.org\/site\/wp-json\/wp\/v2\/pages"}],"about":[{"href":"https:\/\/www.cheminsfaisant.org\/site\/wp-json\/wp\/v2\/types\/page"}],"author":[{"embeddable":true,"href":"https:\/\/www.cheminsfaisant.org\/site\/wp-json\/wp\/v2\/users\/1"}],"replies":[{"embeddable":true,"href":"https:\/\/www.cheminsfaisant.org\/site\/wp-json\/wp\/v2\/comments?post=4"}],"version-history":[{"count":30,"href":"https:\/\/www.cheminsfaisant.org\/site\/wp-json\/wp\/v2\/pages\/4\/revisions"}],"predecessor-version":[{"id":3097,"href":"https:\/\/www.cheminsfaisant.org\/site\/wp-json\/wp\/v2\/pages\/4\/revisions\/3097"}],"wp:attachment":[{"href":"https:\/\/www.cheminsfaisant.org\/site\/wp-json\/wp\/v2\/media?parent=4"}],"curies":[{"name":"wp","href":"https:\/\/api.w.org\/{rel}","templated":true}]}}