{"id":3802,"date":"2025-12-14T12:36:25","date_gmt":"2025-12-14T11:36:25","guid":{"rendered":"https:\/\/www.cheminsfaisant.org\/site\/?page_id=3802"},"modified":"2025-12-14T12:36:25","modified_gmt":"2025-12-14T11:36:25","slug":"adhesion-2026","status":"publish","type":"page","link":"https:\/\/www.cheminsfaisant.org\/site\/adhesion-2026\/","title":{"rendered":"Adh\u00e9sion 2026"},"content":{"rendered":"\n<div class=\"wpcf7 no-js\" id=\"wpcf7-f3796-o1\" lang=\"fr-FR\" dir=\"ltr\" data-wpcf7-id=\"3796\">\n<div class=\"screen-reader-response\"><p role=\"status\" aria-live=\"polite\" aria-atomic=\"true\"><\/p> <ul><\/ul><\/div>\n<form action=\"\/site\/wp-json\/wp\/v2\/pages\/3802#wpcf7-f3796-o1\" method=\"post\" class=\"wpcf7-form init\" aria-label=\"Formulaire de contact\" novalidate=\"novalidate\" data-status=\"init\">\n<fieldset class=\"hidden-fields-container\"><input type=\"hidden\" name=\"_wpcf7\" value=\"3796\" \/><input type=\"hidden\" name=\"_wpcf7_version\" value=\"6.1.5\" \/><input type=\"hidden\" name=\"_wpcf7_locale\" value=\"fr_FR\" \/><input type=\"hidden\" name=\"_wpcf7_unit_tag\" value=\"wpcf7-f3796-o1\" \/><input type=\"hidden\" name=\"_wpcf7_container_post\" value=\"0\" \/><input type=\"hidden\" name=\"_wpcf7_posted_data_hash\" value=\"\" \/>\n<\/fieldset>\n<p><label> Votre pr\u00e9nom : <span class=\"wpcf7-form-control-wrap\" data-name=\"prenom-adherent\"><input size=\"40\" maxlength=\"400\" class=\"wpcf7-form-control wpcf7-text wpcf7-validates-as-required\" aria-required=\"true\" aria-invalid=\"false\" value=\"\" type=\"text\" name=\"prenom-adherent\" \/><\/span> <\/label><label> Votre nom : <span class=\"wpcf7-form-control-wrap\" data-name=\"nom-adherent\"><input size=\"40\" maxlength=\"400\" class=\"wpcf7-form-control wpcf7-text wpcf7-validates-as-required\" aria-required=\"true\" aria-invalid=\"false\" value=\"\" type=\"text\" name=\"nom-adherent\" \/><\/span> <\/label><label> Votre adresse \u00e9lectronique <span class=\"wpcf7-form-control-wrap\" data-name=\"email-adherent\"><input size=\"40\" maxlength=\"400\" class=\"wpcf7-form-control wpcf7-email wpcf7-validates-as-required wpcf7-text wpcf7-validates-as-email\" autocomplete=\"email\" aria-required=\"true\" aria-invalid=\"false\" value=\"\" type=\"email\" name=\"email-adherent\" \/><\/span> <\/label><label> Votre t\u00e9l\u00e9phone <span class=\"wpcf7-form-control-wrap\" data-name=\"tel-adherent\"><input size=\"40\" maxlength=\"10\" minlength=\"10\" class=\"wpcf7-form-control wpcf7-tel wpcf7-text wpcf7-validates-as-tel\" aria-invalid=\"false\" value=\"\" type=\"tel\" name=\"tel-adherent\" \/><\/span> <\/label>\n<\/p>\n<p><b>Cotisation<\/b><br \/>\nMembre actif 30 euros, membre bienfaiteur \u00e0 partir de 50 euros. L'adh\u00e9sion ou la r\u00e9-adh\u00e9sion est valable pour un an.\n<\/p>\n<p>Vous pouvez r\u00e9gler votre cotisation par ch\u00e8que adress\u00e9 \u00e0 l'association <i>Chemins faisant<\/i> Bo\u00eete postale 29, 89270 Vermenton\n<\/p>\n<p>Vous pouvez \u00e9galement effectuer un virement bancaire, IBAN : FR41 3000 2004 2000 0000 9780 S62\n<\/p>\n<p>Le paiement en ligne n'est pas encore disponible.\n<\/p>\n<p><u>Merci de confirmer votre choix : <\/u><br \/>\n<span class=\"wpcf7-form-control-wrap\" data-name=\"checkbox-adhesion\"><span class=\"wpcf7-form-control wpcf7-checkbox\"><span class=\"wpcf7-list-item first\"><label><input type=\"checkbox\" name=\"checkbox-adhesion[]\" value=\"J&#039;envoie un ch\u00e8que\" \/><span class=\"wpcf7-list-item-label\">J&#039;envoie un ch\u00e8que<\/span><\/label><\/span><span class=\"wpcf7-list-item\"><label><input type=\"checkbox\" name=\"checkbox-adhesion[]\" value=\"J&#039;effectue un virement\" \/><span class=\"wpcf7-list-item-label\">J&#039;effectue un virement<\/span><\/label><\/span><span class=\"wpcf7-list-item last\"><label><input type=\"checkbox\" name=\"checkbox-adhesion[]\" value=\"Je r\u00e8gle en personne\" \/><span class=\"wpcf7-list-item-label\">Je r\u00e8gle en personne<\/span><\/label><\/span><\/span><\/span>\n<\/p>\n<p><label> Vos coordonn\u00e9es postales (facultatif)<br \/>\n<span class=\"wpcf7-form-control-wrap\" data-name=\"adresse-adherent\"><input size=\"40\" maxlength=\"400\" class=\"wpcf7-form-control wpcf7-text\" aria-invalid=\"false\" value=\"\" type=\"text\" name=\"adresse-adherent\" \/><\/span> <\/label><br \/>\n<label> Votre message (facultatif)<br \/>\n<span class=\"wpcf7-form-control-wrap\" data-name=\"message-adherent\"><textarea cols=\"40\" rows=\"10\" maxlength=\"2000\" class=\"wpcf7-form-control wpcf7-textarea\" aria-invalid=\"false\" name=\"message-adherent\"><\/textarea><\/span> <\/label>\n<\/p>\n<p>Les informations recueillies sur ce formulaire sont enregistr\u00e9es dans un fichier informatis\u00e9 par le secr\u00e9taire g\u00e9n\u00e9ral de l\u2019association Chemins faisant pour la gestion des adh\u00e9sions et des cotisations. Elles sont limit\u00e9es \u00e0 cet usage. La base l\u00e9gale du traitement est le consentement de l\u2019adh\u00e9rent.<br \/>\nLes donn\u00e9es collect\u00e9es sont consid\u00e9r\u00e9es comme internes et communiqu\u00e9es seulement aux membres du bureau de l\u2019association Chemins faisant.<br \/>\nLes donn\u00e9es sont conserv\u00e9es pendant la dur\u00e9e de l\u2019adh\u00e9sion au moins et ensuite sans limitation jusqu\u2019\u00e0 une demande de retrait, de fa\u00e7on \u00e0 diffuser les informations g\u00e9n\u00e9rales sur la vie de l\u2019association.<br \/>\nVous pouvez acc\u00e9der aux donn\u00e9es vous concernant, les faire rectifier, effacer, limiter et demander leur portabilit\u00e9, ou exercer votre droit \u00e0 la limitation du traitement de vos donn\u00e9es.<br \/>\nPour exercer ces droits ou pour toute question sur le traitement de vos donn\u00e9es dans ce dispositif, vous pouvez contacter notre bureau \u00e0 l\u2019adresse contact@cheminsfaisant.org ou par voie postale \u00e0 l\u2019adresse de l\u2019association.<br \/>\nSi vous estimez, apr\u00e8s nous avoir contact\u00e9s, que vos droits \u00ab Informatique et Libert\u00e9s \u00bb ne sont pas respect\u00e9s, vous pouvez adresser une r\u00e9clamation \u00e0 la CNIL.<br \/>\n<span class=\"wpcf7-form-control-wrap\" data-name=\"checkbox-donnees\"><span class=\"wpcf7-form-control wpcf7-checkbox wpcf7-validates-as-required\"><span class=\"wpcf7-list-item first last\"><label><input type=\"checkbox\" name=\"checkbox-donnees[]\" value=\"Je comprends et j&#039;accepte que mes donn\u00e9es personnelles soient utilis\u00e9es de cette fa\u00e7on\" \/><span class=\"wpcf7-list-item-label\">Je comprends et j&#039;accepte que mes donn\u00e9es personnelles soient utilis\u00e9es de cette fa\u00e7on<\/span><\/label><\/span><\/span><\/span>\n<\/p>\n<p><input class=\"wpcf7-form-control wpcf7-submit has-spinner\" type=\"submit\" value=\"Enregistrer mon adh\u00e9sion\" \/>\n<\/p><p style=\"display: none !important;\" class=\"akismet-fields-container\" data-prefix=\"_wpcf7_ak_\"><label>&#916;<textarea name=\"_wpcf7_ak_hp_textarea\" cols=\"45\" rows=\"8\" maxlength=\"100\"><\/textarea><\/label><input type=\"hidden\" id=\"ak_js_1\" name=\"_wpcf7_ak_js\" value=\"131\"\/><script>\ndocument.getElementById( \"ak_js_1\" ).setAttribute( \"value\", ( new Date() ).getTime() );\n<\/script>\n<\/p><div class=\"wpcf7-response-output\" aria-hidden=\"true\"><\/div>\n<\/form>\n<\/div>\n\n\n\n\n<p><\/p>\n","protected":false},"excerpt":{"rendered":"","protected":false},"author":1,"featured_media":0,"parent":0,"menu_order":0,"comment_status":"closed","ping_status":"closed","template":"","meta":{"footnotes":""},"class_list":["post-3802","page","type-page","status-publish","hentry"],"_links":{"self":[{"href":"https:\/\/www.cheminsfaisant.org\/site\/wp-json\/wp\/v2\/pages\/3802","targetHints":{"allow":["GET"]}}],"collection":[{"href":"https:\/\/www.cheminsfaisant.org\/site\/wp-json\/wp\/v2\/pages"}],"about":[{"href":"https:\/\/www.cheminsfaisant.org\/site\/wp-json\/wp\/v2\/types\/page"}],"author":[{"embeddable":true,"href":"https:\/\/www.cheminsfaisant.org\/site\/wp-json\/wp\/v2\/users\/1"}],"replies":[{"embeddable":true,"href":"https:\/\/www.cheminsfaisant.org\/site\/wp-json\/wp\/v2\/comments?post=3802"}],"version-history":[{"count":1,"href":"https:\/\/www.cheminsfaisant.org\/site\/wp-json\/wp\/v2\/pages\/3802\/revisions"}],"predecessor-version":[{"id":3803,"href":"https:\/\/www.cheminsfaisant.org\/site\/wp-json\/wp\/v2\/pages\/3802\/revisions\/3803"}],"wp:attachment":[{"href":"https:\/\/www.cheminsfaisant.org\/site\/wp-json\/wp\/v2\/media?parent=3802"}],"curies":[{"name":"wp","href":"https:\/\/api.w.org\/{rel}","templated":true}]}}