{"id":3513,"date":"2025-03-09T22:07:02","date_gmt":"2025-03-09T21:07:02","guid":{"rendered":"https:\/\/www.cheminsfaisant.org\/site\/?page_id=3513"},"modified":"2025-03-10T16:55:00","modified_gmt":"2025-03-10T15:55:00","slug":"loiseleur-du-monde","status":"publish","type":"page","link":"https:\/\/www.cheminsfaisant.org\/site\/loiseleur-du-monde\/","title":{"rendered":"L\u2019oiseleur du monde"},"content":{"rendered":"\n<h2 class=\"wp-block-heading\"><em>Liste des textes lus \u00e0 la soir\u00e9e de lancement de l\u2019Ann\u00e9e Jacques Lacarri\u00e8re le 10 mars 2025 \u00e0 la Maison de l\u2019Am\u00e9rique Latine.<\/em><\/h2>\n\n\n\n<ul class=\"wp-block-list\">\n<li>Michel Boizot, <a href=\"https:\/\/www.cheminsfaisant.org\/site\/2025\/02\/05\/a-loree-du-pays-fertile-4\/\" target=\"_blank\" rel=\"noreferrer noopener\">Dans la For\u00eat des Songes<\/a>\u00a0;<\/li>\n\n\n\n<li>Jean-Luc Raharimanana,\u00a0<em><a href=\"https:\/\/www.cheminsfaisant.org\/site\/2016\/12\/31\/un-jardin-pour-memoire\/\" target=\"_blank\" rel=\"noreferrer noopener\">Un jardin pour m\u00e9moire<\/a><\/em>\u00a0;<\/li>\n\n\n\n<li>Christian Peythieu,<em>\u00a0<a href=\"https:\/\/www.cheminsfaisant.org\/site\/2006\/07\/04\/chemin-faisant\/\" target=\"_blank\" rel=\"noreferrer noopener\">Chemin faisant<\/a>\u00a0<\/em>;<\/li>\n\n\n\n<li>Val\u00e9rie Marin La Mesl\u00e9e et Jean-Luc Raharimanana,\u00a0<em><a href=\"https:\/\/www.cheminsfaisant.org\/site\/2006\/07\/02\/ce-que-je-dois-a-aime-cesaire-2\/\" target=\"_blank\" rel=\"noreferrer noopener\">Ce que je dois \u00e0 Aim\u00e9 C\u00e9saire<\/a>\u00a0<\/em>;<\/li>\n\n\n\n<li>Pascal Dibie et Andr\u00e9 Velter,<em>\u00a0<a href=\"https:\/\/www.cheminsfaisant.org\/site\/2006\/07\/04\/lenvol-dicare\/\" target=\"_blank\" rel=\"noreferrer noopener\">L\u2019Envol d\u2019Icare<\/a>\u00a0;<\/em><\/li>\n\n\n\n<li>Dimitrios Kraniotis et Sylvia Lacarri\u00e8re,&nbsp;<em>Aphrodite&nbsp;(in <a href=\"https:\/\/www.cheminsfaisant.org\/site\/2025\/02\/05\/a-loree-du-pays-fertile-4\/\" target=\"_blank\" rel=\"noreferrer noopener\">A l\u2019Or\u00e9e du Pays Fertile<\/a>) ; <\/em><\/li>\n\n\n\n<li>Baptiste Roussillon,\u00a0<em><a href=\"https:\/\/www.cheminsfaisant.org\/site\/2016\/12\/31\/un-jardin-pour-memoire\/\" target=\"_blank\" rel=\"noreferrer noopener\">Un jardin pour m\u00e9moire<\/a><\/em>\u00a0;<\/li>\n\n\n\n<li>Micha\u00ebl Ferrier,\u00a0<em><a href=\"https:\/\/www.cheminsfaisant.org\/site\/2016\/12\/31\/sourates\/\" target=\"_blank\" rel=\"noreferrer noopener\">Sourates<\/a>\u00a0;<\/em><\/li>\n\n\n\n<li>Christian Peythieu et Baptiste Roussillon,\u00a0<em><a href=\"https:\/\/www.cheminsfaisant.org\/site\/2006\/07\/02\/le-geographe-des-brindilles\/\" target=\"_blank\" rel=\"noreferrer noopener\">Le g\u00e9ographe des brindilles\u00a0<\/a><\/em>;<\/li>\n\n\n\n<li>Hanna Schygulla, La Po\u00e9sie est-elle faite pour durer, Emp\u00e9docle <em>&nbsp;(in <a href=\"https:\/\/www.cheminsfaisant.org\/site\/2025\/02\/05\/a-loree-du-pays-fertile-4\/\" target=\"_blank\" rel=\"noreferrer noopener\">A l\u2019Or\u00e9e du Pays Fertile<\/a>) ;<\/em><\/li>\n\n\n\n<li>Catherine Ferran et Yvan Nava\u00ef,\u00a0<em><a href=\"https:\/\/www.cheminsfaisant.org\/site\/2016\/12\/31\/marie-degypte\/\" target=\"_blank\" rel=\"noreferrer noopener\">Marie d\u2019\u00c9gypte<\/a>\u00a0;<\/em><\/li>\n\n\n\n<li>Yvan Nava\u00ef et Sylvia Lacarri\u00e8re, <a href=\"https:\/\/www.cheminsfaisant.org\/site\/2016\/12\/31\/la-poussiere-du-monde\/\" target=\"_blank\" rel=\"noreferrer noopener\">L<em>a poussi\u00e8re du monde<\/em><\/a><em>.<\/em><\/li>\n<\/ul>\n\n\n\n<p><\/p>\n","protected":false},"excerpt":{"rendered":"<p>Liste des textes lus \u00e0 la soir\u00e9e de lancement de l\u2019Ann\u00e9e Jacques Lacarri\u00e8re le 10 mars 2025 \u00e0 la Maison de l\u2019Am\u00e9rique Latine.<\/p>\n","protected":false},"author":1,"featured_media":0,"parent":0,"menu_order":0,"comment_status":"closed","ping_status":"closed","template":"","meta":{"footnotes":""},"class_list":["post-3513","page","type-page","status-publish","hentry"],"_links":{"self":[{"href":"https:\/\/www.cheminsfaisant.org\/site\/wp-json\/wp\/v2\/pages\/3513","targetHints":{"allow":["GET"]}}],"collection":[{"href":"https:\/\/www.cheminsfaisant.org\/site\/wp-json\/wp\/v2\/pages"}],"about":[{"href":"https:\/\/www.cheminsfaisant.org\/site\/wp-json\/wp\/v2\/types\/page"}],"author":[{"embeddable":true,"href":"https:\/\/www.cheminsfaisant.org\/site\/wp-json\/wp\/v2\/users\/1"}],"replies":[{"embeddable":true,"href":"https:\/\/www.cheminsfaisant.org\/site\/wp-json\/wp\/v2\/comments?post=3513"}],"version-history":[{"count":15,"href":"https:\/\/www.cheminsfaisant.org\/site\/wp-json\/wp\/v2\/pages\/3513\/revisions"}],"predecessor-version":[{"id":3530,"href":"https:\/\/www.cheminsfaisant.org\/site\/wp-json\/wp\/v2\/pages\/3513\/revisions\/3530"}],"wp:attachment":[{"href":"https:\/\/www.cheminsfaisant.org\/site\/wp-json\/wp\/v2\/media?parent=3513"}],"curies":[{"name":"wp","href":"https:\/\/api.w.org\/{rel}","templated":true}]}}