{"id":2897,"date":"2022-12-12T18:17:55","date_gmt":"2022-12-12T17:17:55","guid":{"rendered":"https:\/\/www.cheminsfaisant.org\/site\/?page_id=2897"},"modified":"2024-11-24T16:35:01","modified_gmt":"2024-11-24T15:35:01","slug":"prix-jacques-lacarriere-2022","status":"publish","type":"page","link":"https:\/\/www.cheminsfaisant.org\/site\/prix-jacques-lacarriere-2022\/","title":{"rendered":"Prix Litt\u00e9raire Jacques Lacarri\u00e8re 2022"},"content":{"rendered":"\n<figure class=\"wp-block-image size-large is-resized\"><img loading=\"lazy\" decoding=\"async\" width=\"1024\" height=\"576\" src=\"https:\/\/www.cheminsfaisant.org\/site\/wp-content\/uploads\/2022\/12\/Matthieu-Gounelle-Un-Ciel-de-Pierre-Site-1024x576.jpg\" alt=\"\" class=\"wp-image-2898\" style=\"width:689px;height:387px\" srcset=\"https:\/\/www.cheminsfaisant.org\/site\/wp-content\/uploads\/2022\/12\/Matthieu-Gounelle-Un-Ciel-de-Pierre-Site-1024x576.jpg 1024w, https:\/\/www.cheminsfaisant.org\/site\/wp-content\/uploads\/2022\/12\/Matthieu-Gounelle-Un-Ciel-de-Pierre-Site-300x169.jpg 300w, https:\/\/www.cheminsfaisant.org\/site\/wp-content\/uploads\/2022\/12\/Matthieu-Gounelle-Un-Ciel-de-Pierre-Site-768x432.jpg 768w, https:\/\/www.cheminsfaisant.org\/site\/wp-content\/uploads\/2022\/12\/Matthieu-Gounelle-Un-Ciel-de-Pierre-Site.jpg 1366w\" sizes=\"auto, (max-width: 767px) 89vw, (max-width: 1000px) 54vw, (max-width: 1071px) 543px, 580px\" \/><\/figure>\n\n\n\n<p>Remise du Prix litt\u00e9raire Jacques Lacarri\u00e8re le mardi 6 d\u00e9cembre 2022<br>A Matthieu Gounelle pour son livre :<br><strong><em>Un ciel de Pierres<\/em>. <\/strong><br>Voyage en Atacama. <br>Dessins de Fr\u00e9d\u00e9ric Pajak,<br>(Gallimard, Le sentiment g\u00e9ographique).<\/p>\n\n\n\n<div class=\"wp-block-media-text alignwide has-media-on-the-right is-stacked-on-mobile\" style=\"grid-template-columns:auto 29%\"><div class=\"wp-block-media-text__content\">\n<p class=\"has-black-color has-text-color\">Accueilli \u00e0 la Biblioth\u00e8que M\u00e9janes par&nbsp;<strong>Annie Terrier<\/strong>, directrice des&nbsp;<em>\u00c9critures Crois\u00e9es&nbsp;<\/em>et pr\u00e9sidente de&nbsp;<em>Chemins faisant<\/em>, le prix a \u00e9t\u00e9 remis \u00e0 l\u2019auteur lors de cette soir\u00e9e de rencontres et lectures,&nbsp;en pr\u00e9sence des membres du jury, pr\u00e9sid\u00e9 jusqu\u2019en 2021, ann\u00e9e de sa disparition, par Gil Jouanard et depuis par <strong>Val\u00e9rie Marin La Mesl\u00e9e. <\/strong><\/p>\n<\/div><figure class=\"wp-block-media-text__media\"><img loading=\"lazy\" decoding=\"async\" width=\"1024\" height=\"768\" src=\"https:\/\/www.cheminsfaisant.org\/site\/wp-content\/uploads\/2022\/12\/La-Cite-du-Livre-1024x768.png\" alt=\"\" class=\"wp-image-2899 size-full\" srcset=\"https:\/\/www.cheminsfaisant.org\/site\/wp-content\/uploads\/2022\/12\/La-Cite-du-Livre-1024x768.png 1024w, https:\/\/www.cheminsfaisant.org\/site\/wp-content\/uploads\/2022\/12\/La-Cite-du-Livre-300x225.png 300w, https:\/\/www.cheminsfaisant.org\/site\/wp-content\/uploads\/2022\/12\/La-Cite-du-Livre-768x576.png 768w, https:\/\/www.cheminsfaisant.org\/site\/wp-content\/uploads\/2022\/12\/La-Cite-du-Livre-1536x1152.png 1536w, https:\/\/www.cheminsfaisant.org\/site\/wp-content\/uploads\/2022\/12\/La-Cite-du-Livre.png 1920w\" sizes=\"auto, (max-width: 767px) 89vw, (max-width: 1000px) 54vw, (max-width: 1071px) 543px, 580px\" \/><\/figure><\/div>\n\n\n\n<div class=\"wp-block-columns is-layout-flex wp-container-core-columns-is-layout-9d6595d7 wp-block-columns-is-layout-flex\">\n<div class=\"wp-block-column is-layout-flow wp-block-column-is-layout-flow\" style=\"flex-basis:100%\">\n<blockquote class=\"wp-block-quote is-style-plain is-layout-flow wp-block-quote-is-layout-flow\">\n<p>Le jury est compos\u00e9 des membres suivants : Marie-H\u00e9l\u00e8ne Fra\u00efss\u00e9, Christian Garcin, Sylvie Germain, \u00c9lie Guillou, Sylvia Lipa-Lacarri\u00e8re, Jean-Luc Raharimanana, Anne Simon et Annie Terrier.<\/p>\n\n\n\n<p><strong>Matthieu Gounelle&nbsp;<\/strong>succ\u00e8de \u00e0 <strong>Micha\u00ebl Ferrier&nbsp;<\/strong>pour&nbsp;<em>Scrabble&nbsp;<\/em>(Mercure de France), prix 2020 et&nbsp;<strong>Jean-Luc Raharimanana&nbsp;<\/strong>pour&nbsp;<em>Revenir&nbsp;<\/em>(Rivages), prix 2018.<\/p>\n\n\n\n<p>En 2022, Bibracte, qui &nbsp;porte le prix et le dote, avec la complicit\u00e9 de&nbsp;<em>Chemins faisant<\/em>, association&nbsp;qui entretient la m\u00e9moire de l\u2019\u00e9crivain, engage un nouveau partenariat avec&nbsp;<em>Les \u00c9critures Crois\u00e9es<\/em>, association qui porte les rencontres litt\u00e9raires de la Cit\u00e9 du Livre d\u2019Aix-en-Provence, dont Jacques Lacarri\u00e8re \u00e9tait un fid\u00e8le. Le prix se veut largement ouvert \u00e0 la communaut\u00e9 des \u00e9crivains francophones en r\u00e9sonance avec l\u2019esprit de Jacques Lacarri\u00e8re, sans distinction de genre litt\u00e9raire..<\/p>\n\n\n\n<p>Lectures, extraits de textes de Matthieu Gounelle et Jacques Lacarri\u00e8re par Sylvia Lipa-Lacarri\u00e8re et Elie Guillou.<\/p>\n\n\n\n<p>A l\u2019issue de la rencontre l\u2019auteur a sign\u00e9 son livre sur la table de la librairie Goulard<\/p>\n\n\n\n<pre class=\"wp-block-verse\">J\u2019entretiens depuis toujours avec les pierres des rapports ou adult\u00e9rins ou morganatiques. Avec elles, je ne sais jamais tr\u00e8s bien o\u00f9 j\u2019en suis de ma secr\u00e8te parent\u00e9 avec le min\u00e9ral. J\u2019\u00e9prouve ainsi vis-\u00e0-vis d\u2019elles des sentiments tour \u00e0 tour \u00e0 tour permis et prohib\u00e9s, selon qu\u2019elles appartiennent \u00e0 la terre exogame ou endogame de mes d\u00e9sirs. \nJacques Lacarri\u00e8re<\/pre>\n<\/blockquote>\n<\/div>\n<\/div>\n\n\n\n<blockquote class=\"wp-block-quote is-layout-flow wp-block-quote-is-layout-flow\">\n<pre class=\"wp-block-verse\">\u2026 Pour ma part, je ne me lasse jamais. Je veux toujours trouver davantage de ces fruits c\u00e9lestes. Sous la lumi\u00e8re du d\u00e9sert, je les vois briller sans cesse, envo\u00fbt\u00e9 par leur \u00e9clat sans partage, \u00e0 peine terni par les longues ann\u00e9es pass\u00e9es sur Terre. \nMatthieu Gounelle<\/pre>\n<\/blockquote>\n\n\n\n<div class=\"wp-block-file\"><a id=\"wp-block-file--media-4698d4a9-50e5-4b62-9f21-16b66faa7b59\" href=\"https:\/\/www.cheminsfaisant.org\/site\/wp-content\/uploads\/2023\/11\/Bibracte-Dossier-de-Presse-Prix-Lacarriere_-2022.pdf\">Bibracte Dossier de Presse &#8211; <\/a><a href=\"https:\/\/www.cheminsfaisant.org\/site\/wp-content\/uploads\/2023\/11\/Bibracte-Dossier-de-Presse-Prix-Lacarriere_-2022.pdf\" class=\"wp-block-file__button wp-element-button\" download aria-describedby=\"wp-block-file--media-4698d4a9-50e5-4b62-9f21-16b66faa7b59\">T\u00e9l\u00e9charger<\/a><\/div>\n\n\n\n<div class=\"wp-block-file\"><a id=\"wp-block-file--media-6fc3cbdb-eefc-4452-ad04-560f00a4b75b\" href=\"https:\/\/www.cheminsfaisant.org\/site\/wp-content\/uploads\/2023\/11\/CF-Remise-du-PJL-2022.pdf\">CF &#8211; Pr\u00e9sentation<\/a><a href=\"https:\/\/www.cheminsfaisant.org\/site\/wp-content\/uploads\/2023\/11\/CF-Remise-du-PJL-2022.pdf\" class=\"wp-block-file__button wp-element-button\" download aria-describedby=\"wp-block-file--media-6fc3cbdb-eefc-4452-ad04-560f00a4b75b\">T\u00e9l\u00e9charger<\/a><\/div>\n","protected":false},"excerpt":{"rendered":"<p>Remise du Prix litt\u00e9raire Jacques Lacarri\u00e8re le mardi 6 d\u00e9cembre 2022A Matthieu Gounelle pour son livre :Un ciel de Pierres. Voyage en Atacama. Dessins de Fr\u00e9d\u00e9ric Pajak,(Gallimard, Le sentiment g\u00e9ographique). Accueilli \u00e0 la Biblioth\u00e8que M\u00e9janes par&nbsp;Annie Terrier, directrice des&nbsp;\u00c9critures Crois\u00e9es&nbsp;et pr\u00e9sidente de&nbsp;Chemins faisant, le prix a \u00e9t\u00e9 remis \u00e0 l\u2019auteur lors de cette soir\u00e9e de &hellip; <\/p>\n<p class=\"link-more\"><a href=\"https:\/\/www.cheminsfaisant.org\/site\/prix-jacques-lacarriere-2022\/\" class=\"more-link\">Continuer la lecture<span class=\"screen-reader-text\"> de &laquo;&nbsp;Prix Litt\u00e9raire Jacques Lacarri\u00e8re 2022&nbsp;&raquo;<\/span><\/a><\/p>\n","protected":false},"author":1,"featured_media":0,"parent":0,"menu_order":0,"comment_status":"closed","ping_status":"closed","template":"","meta":{"footnotes":""},"class_list":["post-2897","page","type-page","status-publish","hentry"],"_links":{"self":[{"href":"https:\/\/www.cheminsfaisant.org\/site\/wp-json\/wp\/v2\/pages\/2897","targetHints":{"allow":["GET"]}}],"collection":[{"href":"https:\/\/www.cheminsfaisant.org\/site\/wp-json\/wp\/v2\/pages"}],"about":[{"href":"https:\/\/www.cheminsfaisant.org\/site\/wp-json\/wp\/v2\/types\/page"}],"author":[{"embeddable":true,"href":"https:\/\/www.cheminsfaisant.org\/site\/wp-json\/wp\/v2\/users\/1"}],"replies":[{"embeddable":true,"href":"https:\/\/www.cheminsfaisant.org\/site\/wp-json\/wp\/v2\/comments?post=2897"}],"version-history":[{"count":9,"href":"https:\/\/www.cheminsfaisant.org\/site\/wp-json\/wp\/v2\/pages\/2897\/revisions"}],"predecessor-version":[{"id":3375,"href":"https:\/\/www.cheminsfaisant.org\/site\/wp-json\/wp\/v2\/pages\/2897\/revisions\/3375"}],"wp:attachment":[{"href":"https:\/\/www.cheminsfaisant.org\/site\/wp-json\/wp\/v2\/media?parent=2897"}],"curies":[{"name":"wp","href":"https:\/\/api.w.org\/{rel}","templated":true}]}}