{"id":228,"date":"2019-05-06T23:42:20","date_gmt":"2019-05-06T21:42:20","guid":{"rendered":"http:\/\/localhost:8888\/site\/?page_id=228"},"modified":"2019-05-20T18:40:51","modified_gmt":"2019-05-20T16:40:51","slug":"cahiers-jacques-lacarriere-2-mediterranees","status":"publish","type":"page","link":"https:\/\/www.cheminsfaisant.org\/site\/cahiers-jacques-lacarriere-2-mediterranees\/","title":{"rendered":"Cahiers Jacques Lacarri\u00e8re 2, M\u00e9diterran\u00e9es"},"content":{"rendered":"\n<table class=\"wp-block-table\"><tbody><tr><td><\/td><td>\nLe deuxi\u00e8me cahier de l&rsquo;association Chemins faisant, intitul\u00e9 M\u00e9diterran\u00e9e est disponible en librairie depuis le 21 mai 2010, il est \u00e9galement possible de la commander directement aupr\u00e8s de l&rsquo;\u00e9diteur.\n<br>\nPour ce deuxi\u00e8me num\u00e9ro des \u00abCahiers\u00bb, si nous avons choisi le th\u00e8me des \u00ab M\u00e9diterran\u00e9es \u00bb, c\u2019est que parmi cette mer et terres m\u00e9diterran\u00e9ennes qu\u2019il savait multiples, il avait rencontr\u00e9 celle qui allait devenir \u00ab l\u2019Omphalos de sa po\u00e9tique et de sa philosophie, mais aussi de son art de vivre \u00bb.\n<br>\nLa premi\u00e8re partie r\u00e9unit des textes de Jacques Lacarri\u00e8re sur cette mer qu\u2019il avait faite sienne, sur cette terre qui dev\u00eent sa \u00ab patrie amoureuse \u00bb ; la seconde invite, comme pour le premier \u00ab Cahiers \u00bb, plusieurs auteurs qui nous entra\u00eenent dans \u00ab leur \u00bb M\u00e9diterran\u00e9e \u2013 Jacques Darras, Vassilis Vassilikos, Le\u00efla Sebbar, Edith de La H\u00e9ronni\u00e8re, Abdellatif La\u00e2bi, Tahar Bekri, Jeanine Baude, Lawrence Durrell, Nedim G\u00fcrsel, Christine Buci-Glucksmann, Alain Joxe, Adonis.\n   <\/td><\/tr><\/tbody><\/table>\n\n\n\n<table class=\"wp-block-table\"><tbody><tr><td><\/td><td><a href=\"http:\/\/www.christianpirot.com\/\">Christian Pirot \u00e9diteur<\/a>\n <\/td><\/tr><\/tbody><\/table>\n","protected":false},"excerpt":{"rendered":"<p>Le deuxi\u00e8me cahier de l&rsquo;association Chemins faisant, intitul\u00e9 M\u00e9diterran\u00e9e est disponible en librairie depuis le 21 mai 2010, il est \u00e9galement possible de la commander directement aupr\u00e8s de l&rsquo;\u00e9diteur. Pour ce deuxi\u00e8me num\u00e9ro des \u00abCahiers\u00bb, si nous avons choisi le th\u00e8me des \u00ab M\u00e9diterran\u00e9es \u00bb, c\u2019est que parmi cette mer et terres m\u00e9diterran\u00e9ennes qu\u2019il savait &hellip; <\/p>\n<p class=\"link-more\"><a href=\"https:\/\/www.cheminsfaisant.org\/site\/cahiers-jacques-lacarriere-2-mediterranees\/\" class=\"more-link\">Continuer la lecture<span class=\"screen-reader-text\"> de &laquo;&nbsp;Cahiers Jacques Lacarri\u00e8re 2, M\u00e9diterran\u00e9es&nbsp;&raquo;<\/span><\/a><\/p>\n","protected":false},"author":1,"featured_media":134,"parent":0,"menu_order":0,"comment_status":"closed","ping_status":"closed","template":"","meta":{"footnotes":""},"class_list":["post-228","page","type-page","status-publish","has-post-thumbnail","hentry"],"_links":{"self":[{"href":"https:\/\/www.cheminsfaisant.org\/site\/wp-json\/wp\/v2\/pages\/228","targetHints":{"allow":["GET"]}}],"collection":[{"href":"https:\/\/www.cheminsfaisant.org\/site\/wp-json\/wp\/v2\/pages"}],"about":[{"href":"https:\/\/www.cheminsfaisant.org\/site\/wp-json\/wp\/v2\/types\/page"}],"author":[{"embeddable":true,"href":"https:\/\/www.cheminsfaisant.org\/site\/wp-json\/wp\/v2\/users\/1"}],"replies":[{"embeddable":true,"href":"https:\/\/www.cheminsfaisant.org\/site\/wp-json\/wp\/v2\/comments?post=228"}],"version-history":[{"count":1,"href":"https:\/\/www.cheminsfaisant.org\/site\/wp-json\/wp\/v2\/pages\/228\/revisions"}],"predecessor-version":[{"id":700,"href":"https:\/\/www.cheminsfaisant.org\/site\/wp-json\/wp\/v2\/pages\/228\/revisions\/700"}],"wp:featuredmedia":[{"embeddable":true,"href":"https:\/\/www.cheminsfaisant.org\/site\/wp-json\/wp\/v2\/media\/134"}],"wp:attachment":[{"href":"https:\/\/www.cheminsfaisant.org\/site\/wp-json\/wp\/v2\/media?parent=228"}],"curies":[{"name":"wp","href":"https:\/\/api.w.org\/{rel}","templated":true}]}}