{"id":1809,"date":"2019-09-15T11:49:46","date_gmt":"2019-09-15T09:49:46","guid":{"rendered":"https:\/\/www.cheminsfaisant.org\/site\/?page_id=1809"},"modified":"2024-11-24T16:35:24","modified_gmt":"2024-11-24T15:35:24","slug":"prix-jacques-lacarriere-2020","status":"publish","type":"page","link":"https:\/\/www.cheminsfaisant.org\/site\/prix-jacques-lacarriere-2020\/","title":{"rendered":"Prix Litt\u00e9raire Jacques Lacarri\u00e8re 2020"},"content":{"rendered":"\n<figure class=\"wp-block-image size-large is-resized\"><img loading=\"lazy\" decoding=\"async\" src=\"https:\/\/www.cheminsfaisant.org\/site\/wp-content\/uploads\/2020\/12\/CF-MF-Scrabble-w.jpg\" alt=\"\" class=\"wp-image-2321\" width=\"552\" height=\"351\" srcset=\"https:\/\/www.cheminsfaisant.org\/site\/wp-content\/uploads\/2020\/12\/CF-MF-Scrabble-w.jpg 944w, https:\/\/www.cheminsfaisant.org\/site\/wp-content\/uploads\/2020\/12\/CF-MF-Scrabble-w-300x191.jpg 300w, https:\/\/www.cheminsfaisant.org\/site\/wp-content\/uploads\/2020\/12\/CF-MF-Scrabble-w-768x488.jpg 768w\" sizes=\"auto, (max-width: 552px) 100vw, 552px\" \/><\/figure>\n\n\n\n<p>Ce lundi 14 d\u00e9cembre 2020, le jury du prix litt\u00e9raire Jacques Lacarri\u00e8re, pr\u00e9sid\u00e9 par Gil Jouanard, a r\u00e9compens\u00e9 <strong>Micha\u00ebl Ferrier <\/strong>pour son livre<strong>&nbsp;<em>Scrabble<\/em><\/strong>, paru aux \u00e9ditions Mercure de France en septembre 2019. Il succ\u00e8de \u00e0 Jean-Luc Raharimanana, premier laur\u00e9at en 2018 pour&nbsp;<em>Revenir&nbsp;<\/em>(Rivages).<\/p>\n\n\n\n<p><strong>Les mots du jury<\/strong> :<\/p>\n\n\n\n<p>Comme un jeu de scrabble, la partie commence par des cases vides offrant tous les possibles puis se complique et se resserre pour aboutir \u00e0 une issue in\u00e9luctable. Les paysages du Tchad \u2013 sa lumi\u00e8re, sa poussi\u00e8re ocre, le vent \u2013 et les personnages sont tout entiers port\u00e9s par la sensibilit\u00e9 et la po\u00e9sie d\u2019une \u00e9criture de la sensation port\u00e9e \u00e0 l\u2019incandescence.<\/p>\n\n\n\n<p>Le r\u00e9cit suit Micha\u00ebl Ferrier dans son initiation \u00e0 une culture diff\u00e9rente, \u00e0 une autre fa\u00e7on d\u2019habiter le monde. Outre sa dimension de t\u00e9moignage sur un conflit d\u00e9vastateur, et sa vision politique du rapport entre ex-colons et ex-colonis\u00e9s, son livre rappelle l\u2019esprit curieux et ouvert sur le monde de Jacques Lacarri\u00e8re qui \u00e9crivait : \u00ab \u00catre cultiv\u00e9 aujourd\u2019hui, c\u2019est porter en soi, \u00e0 sa mort, des mondes plus nombreux que ceux de sa naissance. \u00catre cultiv\u00e9 aujourd\u2019hui, c\u2019est \u00eatre tiss\u00e9, m\u00e9tiss\u00e9 par la culture des autres. \u00bb<\/p>\n\n\n\n<div class=\"wp-block-file\"><a href=\"https:\/\/www.cheminsfaisant.org\/site\/wp-content\/uploads\/2020\/12\/Bibracte_CP_Prix-Lacarriere-2020.pdf\">Le communiqu\u00e9 de presse  Bibracte<\/a><a href=\"https:\/\/www.cheminsfaisant.org\/site\/wp-content\/uploads\/2020\/12\/Bibracte_CP_Prix-Lacarriere-2020.pdf\" class=\"wp-block-file__button\" download>T\u00e9l\u00e9charger<\/a><\/div>\n\n\n\n<p><a rel=\"noreferrer noopener\" href=\"https:\/\/www.lejdc.fr\/glux-en-glenne-58370\/loisirs\/pour-michael-ferrier-laureat-du-prix-jacques-lacarriere-l-ecrivain-est-un-repere-une-boussole_13908353\/\" target=\"_blank\">Pour Micha\u00ebl Ferrier, laur\u00e9at du prix Jacques-Lacarri\u00e8re, l&rsquo;\u00e9crivain \u00ab\u00a0est un rep\u00e8re, une boussole\u00a0\u00bb<\/a> L&rsquo;entretien par <em>Le Journal du Centre<\/em><\/p>\n\n\n\n<p><strong>Les quatre finalistes de cette \u00e9dition \u00e9taient :<\/strong><br>.\u00a0<strong>Micha\u00ebl Ferrier<\/strong>,\u00a0<em>Scrabble\u00a0<\/em>(Mercure de France)<br>.\u00a0<strong>H\u00e9l\u00e8ne Gaudy<\/strong>,\u00a0<em>Un monde sans rivage\u00a0<\/em>(Actes Sud)<br>.\u00a0<strong>Colette Fellous<\/strong>,\u00a0<em>Kyoto Song\u00a0<\/em>(Gallimard) <br>et\u00a0<strong>Jean-Paul Mari<\/strong>,\u00a0<em>En d\u00e9rivant avec Ulysse\u00a0<\/em>(J.-C. Latt\u00e8s) (ex aequo).<\/p>\n\n\n\n<p>Ecoutez le podcast <a rel=\"noreferrer noopener\" href=\"https:\/\/www.dailymotion.com\/video\/x7lp7yr\" target=\"_blank\">Causerie avec Micha\u00ebl Ferrier<\/a> par Val\u00e9rie Marin La Mesl\u00e9e  <\/p>\n\n\n\n<p><strong>Les dix ouvrages s\u00e9lectionn\u00e9s pour l\u2019attribution du Prix 2020<\/strong> \u00e9taient :<br>. <strong>Sylvain Coher&nbsp;<\/strong><em>Vaincre \u00e0 Rome&nbsp;<\/em>(Actes Sud)<br><strong>. Colette Fellous&nbsp;<\/strong><em>Kyoto Song&nbsp;<\/em>(Gallimard)<br>. <strong>Michael Ferrier&nbsp;<\/strong><em>Scrabble&nbsp;<\/em>(Mercure de France)&nbsp;<br><strong>. H\u00e9l\u00e8ne Gaudy&nbsp;<\/strong><em>Un monde sans rivage&nbsp;<\/em>(Actes Sud)<br><strong>. Claudie Hunzinger&nbsp;<\/strong><em>Les grands cerfs&nbsp;<\/em>(Grasset)&nbsp;<br>. <strong>Michel Jean&nbsp;<\/strong><em>Kukum&nbsp;<\/em>(D\u00e9paysage)<br><strong>. Jean-Paul Mari&nbsp;<\/strong><em>En d\u00e9rivant avec Ulysse&nbsp;<\/em>(J.-C. Latt\u00e8s)<br>. <strong>Nimrod&nbsp;<\/strong><em>Petit \u00e9loge de la lumi\u00e8re nature&nbsp;<\/em>(Obsidiane)<br><strong>. Eric Poindron&nbsp;<\/strong><em>Le fou et la licorne&nbsp;<\/em>(Germes de barbarie)<br>. <strong>Olivier Schefer&nbsp;<\/strong><em>Conversations silencieuses.&nbsp;<\/em>L\u2019art, la beaut\u00e9 et le chagrin (Arl\u00e9a)<\/p>\n\n\n\n<div class=\"wp-block-file\"><a href=\"https:\/\/www.cheminsfaisant.org\/site\/wp-content\/uploads\/2019\/09\/CF-Bibracte-2019_appel_prix_lacarriere.pdf\">Appel \u00e0 candidatures \u00e9dition 2020<\/a><a href=\"https:\/\/www.cheminsfaisant.org\/site\/wp-content\/uploads\/2019\/09\/CF-Bibracte-2019_appel_prix_lacarriere.pdf\" class=\"wp-block-file__button\" download>T\u00e9l\u00e9charger<\/a><\/div>\n\n\n\n<p><\/p>\n","protected":false},"excerpt":{"rendered":"<p>Ce lundi 14 d\u00e9cembre 2020, le jury du prix litt\u00e9raire Jacques Lacarri\u00e8re, pr\u00e9sid\u00e9 par Gil Jouanard, a r\u00e9compens\u00e9 Micha\u00ebl Ferrier pour son livre&nbsp;Scrabble, paru aux \u00e9ditions Mercure de France en septembre 2019. Il succ\u00e8de \u00e0 Jean-Luc Raharimanana, premier laur\u00e9at en 2018 pour&nbsp;Revenir&nbsp;(Rivages). Les mots du jury : Comme un jeu de scrabble, la partie commence &hellip; <\/p>\n<p class=\"link-more\"><a href=\"https:\/\/www.cheminsfaisant.org\/site\/prix-jacques-lacarriere-2020\/\" class=\"more-link\">Continuer la lecture<span class=\"screen-reader-text\"> de &laquo;&nbsp;Prix Litt\u00e9raire Jacques Lacarri\u00e8re 2020&nbsp;&raquo;<\/span><\/a><\/p>\n","protected":false},"author":1,"featured_media":0,"parent":0,"menu_order":0,"comment_status":"closed","ping_status":"closed","template":"","meta":{"footnotes":""},"class_list":["post-1809","page","type-page","status-publish","hentry"],"_links":{"self":[{"href":"https:\/\/www.cheminsfaisant.org\/site\/wp-json\/wp\/v2\/pages\/1809","targetHints":{"allow":["GET"]}}],"collection":[{"href":"https:\/\/www.cheminsfaisant.org\/site\/wp-json\/wp\/v2\/pages"}],"about":[{"href":"https:\/\/www.cheminsfaisant.org\/site\/wp-json\/wp\/v2\/types\/page"}],"author":[{"embeddable":true,"href":"https:\/\/www.cheminsfaisant.org\/site\/wp-json\/wp\/v2\/users\/1"}],"replies":[{"embeddable":true,"href":"https:\/\/www.cheminsfaisant.org\/site\/wp-json\/wp\/v2\/comments?post=1809"}],"version-history":[{"count":17,"href":"https:\/\/www.cheminsfaisant.org\/site\/wp-json\/wp\/v2\/pages\/1809\/revisions"}],"predecessor-version":[{"id":3376,"href":"https:\/\/www.cheminsfaisant.org\/site\/wp-json\/wp\/v2\/pages\/1809\/revisions\/3376"}],"wp:attachment":[{"href":"https:\/\/www.cheminsfaisant.org\/site\/wp-json\/wp\/v2\/media?parent=1809"}],"curies":[{"name":"wp","href":"https:\/\/api.w.org\/{rel}","templated":true}]}}