{"id":1792,"date":"2019-09-15T11:22:48","date_gmt":"2019-09-15T09:22:48","guid":{"rendered":"https:\/\/www.cheminsfaisant.org\/site\/?page_id=1792"},"modified":"2023-04-05T20:12:35","modified_gmt":"2023-04-05T18:12:35","slug":"publications-diverses","status":"publish","type":"page","link":"https:\/\/www.cheminsfaisant.org\/site\/publications-diverses\/","title":{"rendered":"Publications diverses"},"content":{"rendered":"\n<p><em><strong><a href=\"https:\/\/www.cheminsfaisant.org\/site\/2022\/08\/16\/promenades-a-moscou-et-a-leningrad\/\" target=\"_blank\" rel=\"noreferrer noopener\">Promenades \u00e0 Moscou et \u00e0 L\u00e9ningrad<\/a><\/strong><\/em>, Paris, Andr\u00e9 Balland, 1969<\/p>\n\n\n\n<p><a href=\"https:\/\/www.cheminsfaisant.org\/site\/2006\/06\/30\/errances\/\"><em><strong>Errances<\/strong><\/em><\/a>, Recueil de textes et de po\u00e8mes in\u00e9dits sur l&rsquo;errance et sur les chemins, Saint-Cyr-Sur-Loire, Christian Pirot, 1983<\/p>\n\n\n\n<p><strong><a href=\"https:\/\/www.cheminsfaisant.org\/site\/2006\/07\/04\/flaner-en-france\/\">Fl\u00e2ner en France<\/a>,&nbsp;<\/strong>Recueil de textes de vingt et un \u00e9crivains d&rsquo;aujourd&rsquo;hui, Saint-Cyr-sur-Loire, Editions Christian Pirot, 1987, 2007<\/p>\n\n\n\n<p><a href=\"https:\/\/www.cheminsfaisant.org\/site\/2006\/07\/02\/chemins-decriture\/\"><em><strong>Chemins d&rsquo;\u00e9criture<\/strong><\/em><\/a>, Paris, Plon, collection Terre Humaine, 1988<\/p>\n\n\n\n<p><a href=\"https:\/\/www.cheminsfaisant.org\/site\/2006\/07\/07\/alain-fournier\/\"><em><strong>Alain-Fournier ou les Demeures du r\u00eave<\/strong><\/em><\/a>, Essai sur la vie et la maison d&rsquo;Alain-Fournier \u00e0 Epineuil-le-Fleuriel, Saint-Cyr-sous-Loire, Christian Pirot, 1991<\/p>\n\n\n\n<p><strong><a rel=\"noreferrer noopener\" href=\"https:\/\/www.cheminsfaisant.org\/site\/2021\/08\/07\/surrealistes-grecs\/\" target=\"_blank\">Surr\u00e9alistes Grecs<\/a><\/strong>, ouvrage collectif, Centre Georges Pompidou, 1991<\/p>\n\n\n\n<p><a href=\"https:\/\/www.cheminsfaisant.org\/site\/2006\/07\/07\/dans-la-lumiere-antique\/\"><em><strong>Dans la Lumi\u00e8re antique<\/strong><\/em><\/a>, avec Sylvia Lipa-Lacarri\u00e8re, Paris, Oxus Editions, 1999<\/p>\n\n\n\n<p><strong>L&rsquo;Eau et les hommes<\/strong>, documentaire pour La Cit\u00e9 des Sciences et de l&rsquo;industrie, r\u00e9alisation Pierre Willemin, 2000<\/p>\n\n\n\n<p><a href=\"https:\/\/www.cheminsfaisant.org\/site\/2006\/07\/04\/dictionnaire-amoureux-de-la-grece\/\"><em><strong>Dictionnaire amoureux de la Gr\u00e8ce<\/strong><\/em><\/a>, Paris, Plon, 2001, <a href=\"https:\/\/www.cheminsfaisant.org\/site\/2023\/04\/05\/dictionnaire-amoureux-de-la-grece-2\/\" target=\"_blank\" rel=\"noreferrer noopener\"><strong>\u00c9dition de poche chez Plon<\/strong><\/a>, 2023<\/p>\n\n\n\n<p><a href=\"https:\/\/www.cheminsfaisant.org\/site\/2006\/07\/02\/nicosie-zone-morte\/\"><em><strong>Nicosie, zone morte<\/strong><\/em><\/a>, Paris, Olkos, 2003<\/p>\n\n\n\n<p><a href=\"https:\/\/www.cheminsfaisant.org\/site\/2006\/06\/24\/le-dictionnaire-amoureux-de-la-mythologie\/\"><em><strong>Dictionnaire amoureux de la mythologie<\/strong><\/em><\/a>, Paris, Plon, 2006<\/p>\n\n\n\n<p><a href=\"https:\/\/www.cheminsfaisant.org\/site\/2006\/06\/30\/abecedaire-du-temps-passe\/\"><em><strong>Ab\u00e9c\u00e9daire du temps pass\u00e9 <\/strong><\/em><\/a>Paris, Annette Masset 2008<\/p>\n\n\n\n<p><a href=\"https:\/\/www.cheminsfaisant.org\/site\/2006\/07\/02\/le-geographe-des-brindilles\/\"><strong>Le g\u00e9ographe des brindilles<\/strong><\/a>, Paris, 2018<\/p>\n","protected":false},"excerpt":{"rendered":"<p>Promenades \u00e0 Moscou et \u00e0 L\u00e9ningrad, Paris, Andr\u00e9 Balland, 1969 Errances, Recueil de textes et de po\u00e8mes in\u00e9dits sur l&rsquo;errance et sur les chemins, Saint-Cyr-Sur-Loire, Christian Pirot, 1983 Fl\u00e2ner en France,&nbsp;Recueil de textes de vingt et un \u00e9crivains d&rsquo;aujourd&rsquo;hui, Saint-Cyr-sur-Loire, Editions Christian Pirot, 1987, 2007 Chemins d&rsquo;\u00e9criture, Paris, Plon, collection Terre Humaine, 1988 Alain-Fournier ou &hellip; <\/p>\n<p class=\"link-more\"><a href=\"https:\/\/www.cheminsfaisant.org\/site\/publications-diverses\/\" class=\"more-link\">Continuer la lecture<span class=\"screen-reader-text\"> de &laquo;&nbsp;Publications diverses&nbsp;&raquo;<\/span><\/a><\/p>\n","protected":false},"author":1,"featured_media":0,"parent":0,"menu_order":0,"comment_status":"closed","ping_status":"closed","template":"","meta":{"footnotes":""},"class_list":["post-1792","page","type-page","status-publish","hentry"],"_links":{"self":[{"href":"https:\/\/www.cheminsfaisant.org\/site\/wp-json\/wp\/v2\/pages\/1792","targetHints":{"allow":["GET"]}}],"collection":[{"href":"https:\/\/www.cheminsfaisant.org\/site\/wp-json\/wp\/v2\/pages"}],"about":[{"href":"https:\/\/www.cheminsfaisant.org\/site\/wp-json\/wp\/v2\/types\/page"}],"author":[{"embeddable":true,"href":"https:\/\/www.cheminsfaisant.org\/site\/wp-json\/wp\/v2\/users\/1"}],"replies":[{"embeddable":true,"href":"https:\/\/www.cheminsfaisant.org\/site\/wp-json\/wp\/v2\/comments?post=1792"}],"version-history":[{"count":10,"href":"https:\/\/www.cheminsfaisant.org\/site\/wp-json\/wp\/v2\/pages\/1792\/revisions"}],"predecessor-version":[{"id":2970,"href":"https:\/\/www.cheminsfaisant.org\/site\/wp-json\/wp\/v2\/pages\/1792\/revisions\/2970"}],"wp:attachment":[{"href":"https:\/\/www.cheminsfaisant.org\/site\/wp-json\/wp\/v2\/media?parent=1792"}],"curies":[{"name":"wp","href":"https:\/\/api.w.org\/{rel}","templated":true}]}}