{"id":1785,"date":"2019-09-15T11:19:15","date_gmt":"2019-09-15T09:19:15","guid":{"rendered":"https:\/\/www.cheminsfaisant.org\/site\/?page_id=1785"},"modified":"2025-01-14T12:05:38","modified_gmt":"2025-01-14T11:05:38","slug":"essais","status":"publish","type":"page","link":"https:\/\/www.cheminsfaisant.org\/site\/essais\/","title":{"rendered":"Essais"},"content":{"rendered":"\n<p><em><strong><a href=\"https:\/\/www.cheminsfaisant.org\/site\/2022\/08\/16\/mont-athos-montagne-sainte\/\" target=\"_blank\" rel=\"noreferrer noopener\">Mont Athos, montagne sainte<\/a><\/strong><\/em>, Texte, l\u00e9gendes et photographies de Jacques Lacarri\u00e8re, Paris, Seghers, 1954<\/p>\n\n\n\n<p><a rel=\"noreferrer noopener\" href=\"https:\/\/www.cheminsfaisant.org\/site\/2006\/07\/08\/sophocle\/\" target=\"_blank\"><em><strong>Sophocle<\/strong><\/em><\/a>, Essai de dramaturgie, Paris, L&rsquo;Arche, 1960<\/p>\n\n\n\n<p><a rel=\"noreferrer noopener\" href=\"https:\/\/www.cheminsfaisant.org\/site\/2016\/12\/31\/les-hommes-ivres-de-dieu\/\" target=\"_blank\"><em><strong>Les Hommes ivres de dieu<\/strong><\/em><\/a>, Essai sur le christianisme et les P\u00e8res du d\u00e9sert d&rsquo;Egypte et de Syrie, Paris, Arthaud, 1961, Fayard 1975<\/p>\n\n\n\n<p><a rel=\"noreferrer noopener\" href=\"https:\/\/www.cheminsfaisant.org\/site\/2022\/08\/16\/la-cendre-et-les-etoiles\/\" target=\"_blank\"><strong>La Cendre et les \u00c9toiles<\/strong><\/a>, Balland 1970<\/p>\n\n\n\n<p><a href=\"https:\/\/www.cheminsfaisant.org\/site\/2016\/12\/31\/les-gnostiques-2\/\"><em><strong>Les Gnostiques<\/strong><\/em><\/a>, Paris, Gallimard, collection Id\u00e9es, 1973<\/p>\n\n\n\n<p><a href=\"https:\/\/www.cheminsfaisant.org\/site\/2006\/07\/07\/au-coeur-des-mythologies\/\" target=\"_blank\" rel=\"noreferrer noopener\"><em><strong>En suivant les dieux<\/strong><\/em><\/a>, Essai de mythologie compar\u00e9e, Paris, Philippe Lebaud, 1984<\/p>\n\n\n\n<p><a href=\"https:\/\/www.cheminsfaisant.org\/site\/1990\/06\/24\/le-livre-des-geneses\/\" target=\"_blank\" rel=\"noreferrer noopener\"><em><strong>Le Livre des gen\u00e8ses<\/strong><\/em><\/a>, Essai d&rsquo;iconographie sur la cr\u00e9ation du monde, Paris, Philippe Lebaud, 1990<\/p>\n\n\n\n<p><em><strong><a href=\"https:\/\/www.cheminsfaisant.org\/site\/2006\/06\/04\/paul-valet\/\" target=\"_blank\" rel=\"noreferrer noopener\">Paul Valet ou Les Soleils d&rsquo;insoumission<\/a><\/strong><\/em>, Essai sur le po\u00e8te libertaire Paul Valet, Paris, Jean-Michel Place, 2001<\/p>\n\n\n\n<p><a href=\"https:\/\/www.cheminsfaisant.org\/site\/2006\/07\/04\/lenvol-dicare\/\" target=\"_blank\" rel=\"noreferrer noopener\"><em><strong>L&rsquo;Envol d&rsquo;Icare<\/strong><\/em><\/a>, suivi du Trait\u00e9 des chutes, Paris, Seghers, 1993<\/p>\n\n\n\n<p><a href=\"https:\/\/www.cheminsfaisant.org\/site\/2006\/07\/02\/ce-que-je-dois-a-aime-cesaire-2\/\" target=\"_blank\" rel=\"noreferrer noopener\"><em><strong>Ce que je dois \u00e0 Aim\u00e9 C\u00e9saire<\/strong><\/em><\/a>, Paris, Bibliophane, 2004 et Isolato,2013<\/p>\n\n\n\n<p><\/p>\n","protected":false},"excerpt":{"rendered":"<p>Mont Athos, montagne sainte, Texte, l\u00e9gendes et photographies de Jacques Lacarri\u00e8re, Paris, Seghers, 1954 Sophocle, Essai de dramaturgie, Paris, L&rsquo;Arche, 1960 Les Hommes ivres de dieu, Essai sur le christianisme et les P\u00e8res du d\u00e9sert d&rsquo;Egypte et de Syrie, Paris, Arthaud, 1961, Fayard 1975 La Cendre et les \u00c9toiles, Balland 1970 Les Gnostiques, Paris, Gallimard, &hellip; <\/p>\n<p class=\"link-more\"><a href=\"https:\/\/www.cheminsfaisant.org\/site\/essais\/\" class=\"more-link\">Continuer la lecture<span class=\"screen-reader-text\"> de &laquo;&nbsp;Essais&nbsp;&raquo;<\/span><\/a><\/p>\n","protected":false},"author":1,"featured_media":0,"parent":0,"menu_order":0,"comment_status":"closed","ping_status":"closed","template":"","meta":{"footnotes":""},"class_list":["post-1785","page","type-page","status-publish","hentry"],"_links":{"self":[{"href":"https:\/\/www.cheminsfaisant.org\/site\/wp-json\/wp\/v2\/pages\/1785","targetHints":{"allow":["GET"]}}],"collection":[{"href":"https:\/\/www.cheminsfaisant.org\/site\/wp-json\/wp\/v2\/pages"}],"about":[{"href":"https:\/\/www.cheminsfaisant.org\/site\/wp-json\/wp\/v2\/types\/page"}],"author":[{"embeddable":true,"href":"https:\/\/www.cheminsfaisant.org\/site\/wp-json\/wp\/v2\/users\/1"}],"replies":[{"embeddable":true,"href":"https:\/\/www.cheminsfaisant.org\/site\/wp-json\/wp\/v2\/comments?post=1785"}],"version-history":[{"count":9,"href":"https:\/\/www.cheminsfaisant.org\/site\/wp-json\/wp\/v2\/pages\/1785\/revisions"}],"predecessor-version":[{"id":3412,"href":"https:\/\/www.cheminsfaisant.org\/site\/wp-json\/wp\/v2\/pages\/1785\/revisions\/3412"}],"wp:attachment":[{"href":"https:\/\/www.cheminsfaisant.org\/site\/wp-json\/wp\/v2\/media?parent=1785"}],"curies":[{"name":"wp","href":"https:\/\/api.w.org\/{rel}","templated":true}]}}