{"id":1467,"date":"2019-06-22T16:35:11","date_gmt":"2019-06-22T14:35:11","guid":{"rendered":"https:\/\/www.cheminsfaisant.org\/site\/?page_id=1467"},"modified":"2021-08-07T12:15:31","modified_gmt":"2021-08-07T10:15:31","slug":"liens","status":"publish","type":"page","link":"https:\/\/www.cheminsfaisant.org\/site\/liens\/","title":{"rendered":"Liens"},"content":{"rendered":"\n<ul class=\"wp-block-list\"><li><a class=\"\" rel=\"noreferrer noopener\" href=\"http:\/\/www.actorofeurope.net\/\" target=\"_blank\">Actor of Europe<\/a><\/li><li><a class=\"\" rel=\"noreferrer noopener\" href=\"http:\/\/www.atelier-millet.fr\/\" target=\"_blank\">Atelier Jean-Fran\u00e7ois Millet<\/a><\/li><li><a class=\"\" rel=\"noreferrer noopener\" href=\"http:\/\/www.confluences.org\/\" target=\"_blank\">Confluences<\/a><\/li><li><a class=\"\" rel=\"noreferrer noopener\" href=\"http:\/\/www.convergences-vezelay.com\/\" target=\"_blank\">Convergences V\u00e9zelay<\/a><\/li><li><a href=\"http:\/\/www.editions-depaysage.fr\/parente-sans-papiers\/\" target=\"_blank\" rel=\"noreferrer noopener\">D\u00e9paysages<\/a><\/li><li><a class=\"\" rel=\"noreferrer noopener\" href=\"http:\/\/www.kraniotis.com\/home\" target=\"_blank\">Dimitrios Kraniotis<\/a><\/li><li><a rel=\"noreferrer noopener\" href=\"http:\/\/www.elisa-vellia.com\" target=\"_blank\">Elisa Vellia<\/a><\/li><li><a class=\"\" rel=\"noreferrer noopener\" href=\"http:\/\/www.etonnants-voyageurs.com\/\" target=\"_blank\">Etonnants Voyageurs<\/a><\/li><li><a class=\"\" rel=\"noreferrer noopener\" href=\"http:\/\/fcaroutch.free.fr\/\" target=\"_blank\">Francesca Caroutch<\/a><\/li><li><a href=\"https:\/\/www.kilims.fr\/fr\/\">Kilims ADA<\/a><\/li><li><a rel=\"noreferrer noopener\" href=\"http:\/\/www.letempsquilfait.com\/\" target=\"_blank\">Le Temps qu&rsquo;il fait<\/a><\/li><li><a rel=\"noreferrer noopener\" style=\"font-size: 1rem;\" class=\"\" href=\"http:\/\/www.printempsdespoetes.com\/\" target=\"_blank\">Le Printemps des po\u00e8tes<\/a><\/li><li><a rel=\"noreferrer noopener\" style=\"font-size: 1rem;\" class=\"\" href=\"http:\/\/www.sazparis.fr\/\" target=\"_blank\">Mahmout D\u00e9mir<\/a><\/li><li><a rel=\"noreferrer noopener\" class=\"\" href=\"http:\/\/www.triodargent.com\/\" target=\"_blank\">Le Trio d&rsquo;Argent<\/a><\/li><li><a rel=\"noreferrer noopener\" href=\"http:\/\/www.nicolassyros.com\/pages\/fr\/bienvenue.php\" target=\"_blank\">Nicolas Syros<\/a><\/li><li><a rel=\"noreferrer noopener\" class=\"\" href=\"http:\/\/www.saulomercader.org\/\" target=\"_blank\">Sa\u00fcl Mercader<\/a><\/li><li><a rel=\"noreferrer noopener\" href=\"https:\/\/florence-m-forsythe.mystrikingly.com\" target=\"_blank\">Florence M. Forsythe<\/a><br><br><\/li><\/ul>\n\n\n\n<p><\/p>\n","protected":false},"excerpt":{"rendered":"<p>Actor of Europe Atelier Jean-Fran\u00e7ois Millet Confluences Convergences V\u00e9zelay D\u00e9paysages Dimitrios Kraniotis Elisa Vellia Etonnants Voyageurs Francesca Caroutch Kilims ADA Le Temps qu&rsquo;il fait Le Printemps des po\u00e8tes Mahmout D\u00e9mir Le Trio d&rsquo;Argent Nicolas Syros Sa\u00fcl Mercader Florence M. Forsythe<\/p>\n","protected":false},"author":1,"featured_media":0,"parent":0,"menu_order":0,"comment_status":"closed","ping_status":"closed","template":"","meta":{"footnotes":""},"class_list":["post-1467","page","type-page","status-publish","hentry"],"_links":{"self":[{"href":"https:\/\/www.cheminsfaisant.org\/site\/wp-json\/wp\/v2\/pages\/1467","targetHints":{"allow":["GET"]}}],"collection":[{"href":"https:\/\/www.cheminsfaisant.org\/site\/wp-json\/wp\/v2\/pages"}],"about":[{"href":"https:\/\/www.cheminsfaisant.org\/site\/wp-json\/wp\/v2\/types\/page"}],"author":[{"embeddable":true,"href":"https:\/\/www.cheminsfaisant.org\/site\/wp-json\/wp\/v2\/users\/1"}],"replies":[{"embeddable":true,"href":"https:\/\/www.cheminsfaisant.org\/site\/wp-json\/wp\/v2\/comments?post=1467"}],"version-history":[{"count":9,"href":"https:\/\/www.cheminsfaisant.org\/site\/wp-json\/wp\/v2\/pages\/1467\/revisions"}],"predecessor-version":[{"id":2429,"href":"https:\/\/www.cheminsfaisant.org\/site\/wp-json\/wp\/v2\/pages\/1467\/revisions\/2429"}],"wp:attachment":[{"href":"https:\/\/www.cheminsfaisant.org\/site\/wp-json\/wp\/v2\/media?parent=1467"}],"curies":[{"name":"wp","href":"https:\/\/api.w.org\/{rel}","templated":true}]}}