{"id":1235,"date":"2019-06-05T10:01:08","date_gmt":"2019-06-05T08:01:08","guid":{"rendered":"http:\/\/localhost:8888\/site\/?page_id=1014"},"modified":"2024-11-04T09:48:28","modified_gmt":"2024-11-04T08:48:28","slug":"bulletins-de-lassociation-2","status":"publish","type":"page","link":"https:\/\/www.cheminsfaisant.org\/site\/bulletins-de-lassociation-2\/","title":{"rendered":"Bulletins de l&rsquo;association"},"content":{"rendered":"\n<div class=\"wp-block-media-text alignwide\" style=\"grid-template-columns:21% auto\"><figure class=\"wp-block-media-text__media\"><img loading=\"lazy\" decoding=\"async\" width=\"723\" height=\"1024\" src=\"https:\/\/www.cheminsfaisant.org\/site\/wp-content\/uploads\/2019\/06\/bcf21-723x1024.jpg\" alt=\"\" class=\"wp-image-1239 size-full\" srcset=\"https:\/\/www.cheminsfaisant.org\/site\/wp-content\/uploads\/2019\/06\/bcf21-723x1024.jpg 723w, https:\/\/www.cheminsfaisant.org\/site\/wp-content\/uploads\/2019\/06\/bcf21-212x300.jpg 212w, https:\/\/www.cheminsfaisant.org\/site\/wp-content\/uploads\/2019\/06\/bcf21-768x1087.jpg 768w, https:\/\/www.cheminsfaisant.org\/site\/wp-content\/uploads\/2019\/06\/bcf21.jpg 1239w\" sizes=\"auto, (max-width: 723px) 100vw, 723px\" \/><\/figure><div class=\"wp-block-media-text__content\">\n<h2 class=\"wp-block-heading\">Chemins faisant<\/h2>\n\n\n\n<p>Pr\u00e9sident d&rsquo;honneur Gil Jouanard, pr\u00e9sidente Annie Terrier, vice-pr\u00e9sident Luis Mizon, secr\u00e9taire g\u00e9n\u00e9ral Michel de Haro, d\u00e9l\u00e9gu\u00e9e artistique Sylvia Lipa-Lacarri\u00e8re<\/p>\n<\/div><\/div>\n\n\n\n<figure class=\"wp-block-table is-style-regular\"><table><tbody><tr><td>&nbsp;&nbsp;&nbsp;&nbsp;&nbsp;&nbsp;&nbsp;&nbsp;&nbsp;&nbsp;&nbsp;&nbsp;<\/td><td><a rel=\"noreferrer noopener\" href=\"http:\/\/www.cheminsfaisant.org\/content\/bcf1.pdf\" target=\"_blank\">Bulletin 2006<\/a><\/td><td>&nbsp;&nbsp;&nbsp;&nbsp;&nbsp;&nbsp;&nbsp;&nbsp;&nbsp;<\/td><td><\/td><td><a rel=\"noreferrer noopener\" href=\"http:\/\/www.cheminsfaisant.org\/content\/bcf2.pdf\" target=\"_blank\">Bulletin 2007<\/a>&nbsp;&nbsp;&nbsp;&nbsp;&nbsp;&nbsp;<\/td><\/tr><tr><td>&nbsp;&nbsp;&nbsp;&nbsp;&nbsp;&nbsp;&nbsp;&nbsp;&nbsp;&nbsp;&nbsp;&nbsp;<\/td><td><a rel=\"noreferrer noopener\" href=\"http:\/\/www.cheminsfaisant.org\/content\/bcf3.pdf\" target=\"_blank\">Bulletin 2008<\/a><\/td><td>&nbsp;&nbsp;&nbsp;<\/td><td><\/td><td><a rel=\"noreferrer noopener\" href=\"http:\/\/www.cheminsfaisant.org\/content\/bcf4.pdf\" target=\"_blank\">Bulletin Automne 2008<\/a><\/td><\/tr><tr><td>&nbsp;&nbsp;&nbsp;&nbsp;&nbsp;&nbsp;&nbsp;&nbsp;&nbsp;&nbsp;&nbsp;&nbsp;<\/td><td><a rel=\"noreferrer noopener\" href=\"http:\/\/www.cheminsfaisant.org\/content\/bcf5.pdf\" target=\"_blank\">Bulletin 2009<\/a><\/td><td>&nbsp;&nbsp;&nbsp;<\/td><td><\/td><td><a rel=\"noreferrer noopener\" href=\"http:\/\/www.cheminsfaisant.org\/content\/bcf6.pdf\" target=\"_blank\">Bulletin Automne 2009<\/a><\/td><\/tr><tr><td>&nbsp;&nbsp;&nbsp;&nbsp;&nbsp;&nbsp;&nbsp;&nbsp;&nbsp;&nbsp;&nbsp;&nbsp;<\/td><td><a rel=\"noreferrer noopener\" href=\"http:\/\/www.cheminsfaisant.org\/content\/bcf7.pdf\" target=\"_blank\">Bulletin 2010<\/a><\/td><td>&nbsp;&nbsp;&nbsp;<\/td><td><\/td><td><a rel=\"noreferrer noopener\" href=\"http:\/\/www.cheminsfaisant.org\/content\/bcf8.pdf\" target=\"_blank\">Bulletin Automne 2010<\/a><\/td><\/tr><tr><td>&nbsp;&nbsp;&nbsp;&nbsp;&nbsp;&nbsp;&nbsp;&nbsp;&nbsp;&nbsp;&nbsp;&nbsp;<\/td><td><a rel=\"noreferrer noopener\" href=\"http:\/\/www.cheminsfaisant.org\/content\/bcf9.pdf\" target=\"_blank\">Bulletin 2011<\/a><\/td><td>&nbsp;&nbsp;&nbsp;<\/td><td><\/td><td><a rel=\"noreferrer noopener\" href=\"http:\/\/www.cheminsfaisant.org\/content\/bcf10.pdf\" target=\"_blank\">Bulletin Automne 2011<\/a><\/td><\/tr><tr><td>&nbsp;&nbsp;&nbsp;&nbsp;&nbsp;&nbsp;&nbsp;&nbsp;&nbsp;&nbsp;&nbsp;&nbsp;<\/td><td><a rel=\"noreferrer noopener\" href=\"http:\/\/www.cheminsfaisant.org\/content\/bcf11.pdf\" target=\"_blank\">Bulletin 2012<\/a><\/td><td>&nbsp;&nbsp;&nbsp;<\/td><td><\/td><td><a rel=\"noreferrer noopener\" href=\"http:\/\/www.cheminsfaisant.org\/content\/bcf12.pdf\" target=\"_blank\">Bulletin Automne 2012<\/a><\/td><\/tr><tr><td>&nbsp;&nbsp;&nbsp;&nbsp;&nbsp;&nbsp;&nbsp;&nbsp;&nbsp;&nbsp;&nbsp;&nbsp;<\/td><td><a rel=\"noreferrer noopener\" href=\"http:\/\/www.cheminsfaisant.org\/content\/bcf13.pdf\" target=\"_blank\">Bulletin 2013<\/a><\/td><td>&nbsp;&nbsp;&nbsp;<\/td><td><\/td><td><a rel=\"noreferrer noopener\" href=\"http:\/\/www.cheminsfaisant.org\/content\/bcf14.pdf\" target=\"_blank\">Bulletin Automne 2013<\/a><\/td><\/tr><tr><td>&nbsp;&nbsp;&nbsp;&nbsp;&nbsp;&nbsp;&nbsp;&nbsp;&nbsp;&nbsp;&nbsp;&nbsp;<\/td><td><a rel=\"noreferrer noopener\" href=\"http:\/\/www.cheminsfaisant.org\/content\/bcf15.pdf\" target=\"_blank\">Bulletin 2014<\/a><\/td><td>&nbsp;&nbsp;&nbsp;<\/td><td><\/td><td><a rel=\"noreferrer noopener\" href=\"http:\/\/www.cheminsfaisant.org\/content\/bcf16.pdf\" target=\"_blank\">Bulletin 2014<\/a><\/td><\/tr><tr><td>&nbsp;&nbsp;&nbsp;&nbsp;&nbsp;&nbsp;&nbsp;&nbsp;&nbsp;&nbsp;&nbsp;&nbsp;<\/td><td><a rel=\"noreferrer noopener\" href=\"http:\/\/www.cheminsfaisant.org\/content\/bcf17.pdf\" target=\"_blank\">Bulletin 2015<\/a><\/td><td>&nbsp;&nbsp;&nbsp;<\/td><td><\/td><td><a rel=\"noreferrer noopener\" href=\"http:\/\/www.cheminsfaisant.org\/content\/bcf18.pdf\" target=\"_blank\">Bulletin 2016<\/a><\/td><\/tr><tr><td>&nbsp;&nbsp;&nbsp;&nbsp;&nbsp;&nbsp;&nbsp;&nbsp;&nbsp;&nbsp;&nbsp;&nbsp;<\/td><td><a rel=\"noreferrer noopener\" href=\"http:\/\/www.cheminsfaisant.org\/content\/bcf19.pdf\" target=\"_blank\">Bulletin 2017<\/a><\/td><td>&nbsp;&nbsp;&nbsp;<\/td><td><\/td><td><a rel=\"noreferrer noopener\" href=\"http:\/\/www.cheminsfaisant.org\/content\/bcf20.pdf\" target=\"_blank\">Bulletin 2018<\/a><\/td><\/tr><tr><td><\/td><td><a rel=\"noreferrer noopener\" href=\"http:\/\/www.cheminsfaisant.org\/content\/bcf21.pdf\" target=\"_blank\">Bulletin 2019<\/a><\/td><td><\/td><td><\/td><td><a href=\"https:\/\/www.cheminsfaisant.org\/site\/wp-content\/uploads\/2022\/11\/CF-Bulletin-21-2-Automne-2019.pdf\" target=\"_blank\" rel=\"noreferrer noopener\">Bulletin Automne 2019<\/a><\/td><\/tr><tr><td><\/td><td><a rel=\"noreferrer noopener\" href=\"https:\/\/www.cheminsfaisant.org\/site\/wp-content\/uploads\/2020\/06\/bcf22.pdf\" target=\"_blank\">Bulletin 2020<\/a><\/td><td><\/td><td><\/td><td><a rel=\"noreferrer noopener\" href=\"https:\/\/www.cheminsfaisant.org\/site\/wp-content\/uploads\/2021\/07\/bcf23.pdf\" target=\"_blank\">Bulletin Automne 2020<\/a><\/td><\/tr><tr><td><\/td><td><a rel=\"noreferrer noopener\" href=\"https:\/\/www.cheminsfaisant.org\/site\/wp-content\/uploads\/2021\/07\/bcf24.pdf\" target=\"_blank\">Bulletin 2021<\/a><\/td><td><\/td><td><\/td><td><a rel=\"noreferrer noopener\" href=\"https:\/\/www.cheminsfaisant.org\/site\/wp-content\/uploads\/2021\/11\/bcf25.pdf\" target=\"_blank\">Bulletin Automne 2021<\/a><\/td><\/tr><tr><td><\/td><td><a rel=\"noreferrer noopener\" href=\"https:\/\/www.cheminsfaisant.org\/site\/wp-content\/uploads\/2022\/07\/bcf26.pdf\" target=\"_blank\">Bulletin 2022<\/a><\/td><td><\/td><td><\/td><td><a rel=\"noreferrer noopener\" href=\"https:\/\/www.cheminsfaisant.org\/site\/wp-content\/uploads\/2022\/11\/BCF-24-Automne.pdf\" target=\"_blank\">Bulletin Automne 2022<\/a><\/td><\/tr><tr><td><\/td><td><a href=\"https:\/\/www.cheminsfaisant.org\/site\/wp-content\/uploads\/2023\/06\/CF-25.pdf\" target=\"_blank\" rel=\"noreferrer noopener\">Bulletin \u00c9t\u00e9 2023<\/a><\/td><td><\/td><td><\/td><td><a href=\"https:\/\/www.cheminsfaisant.org\/site\/wp-content\/uploads\/2023\/12\/cf-26.pdf\" target=\"_blank\" rel=\"noreferrer noopener\">Bulletin Hiver 2023<\/a><\/td><\/tr><tr><td><\/td><td><a href=\"https:\/\/www.cheminsfaisant.org\/site\/wp-content\/uploads\/2024\/11\/CF-Bulletin-27-Ete-2024.pdf\" target=\"_blank\" rel=\"noreferrer noopener\">Bulletin \u00c9t\u00e9 2024<\/a><\/td><td><\/td><td><\/td><td><a href=\"https:\/\/www.cheminsfaisant.org\/site\/wp-content\/uploads\/2024\/11\/CF-Bulletin-28-automne-2024.pdf\" target=\"_blank\" rel=\"noreferrer noopener\">Bulletin Automne 2024<\/a><\/td><\/tr><\/tbody><\/table><\/figure>\n\n\n\n<p><\/p>\n\n\n\n<p><br><br>Pour le bulletin dans son int\u00e9gralit\u00e9, l&rsquo;adh\u00e9sion \u00e0 l&rsquo;association Chemins faisant est n\u00e9cessaire : <a href=\"https:\/\/www.cheminsfaisant.org\/site\/wp-content\/uploads\/2023\/12\/CF-Bulletin-dadhesion-2024.pdf\" target=\"_blank\" rel=\"noreferrer noopener\">Formulaire d&rsquo;adh\u00e9sion<\/a><\/p>\n\n\n\n<p><\/p>\n","protected":false},"excerpt":{"rendered":"<p>Chemins faisant Pr\u00e9sident d&rsquo;honneur Gil Jouanard, pr\u00e9sidente Annie Terrier, vice-pr\u00e9sident Luis Mizon, secr\u00e9taire g\u00e9n\u00e9ral Michel de Haro, d\u00e9l\u00e9gu\u00e9e artistique Sylvia Lipa-Lacarri\u00e8re &nbsp;&nbsp;&nbsp;&nbsp;&nbsp;&nbsp;&nbsp;&nbsp;&nbsp;&nbsp;&nbsp;&nbsp; Bulletin 2006 &nbsp;&nbsp;&nbsp;&nbsp;&nbsp;&nbsp;&nbsp;&nbsp;&nbsp; Bulletin 2007&nbsp;&nbsp;&nbsp;&nbsp;&nbsp;&nbsp; &nbsp;&nbsp;&nbsp;&nbsp;&nbsp;&nbsp;&nbsp;&nbsp;&nbsp;&nbsp;&nbsp;&nbsp; Bulletin 2008 &nbsp;&nbsp;&nbsp; Bulletin Automne 2008 &nbsp;&nbsp;&nbsp;&nbsp;&nbsp;&nbsp;&nbsp;&nbsp;&nbsp;&nbsp;&nbsp;&nbsp; Bulletin 2009 &nbsp;&nbsp;&nbsp; Bulletin Automne 2009 &nbsp;&nbsp;&nbsp;&nbsp;&nbsp;&nbsp;&nbsp;&nbsp;&nbsp;&nbsp;&nbsp;&nbsp; Bulletin 2010 &nbsp;&nbsp;&nbsp; Bulletin Automne 2010 &nbsp;&nbsp;&nbsp;&nbsp;&nbsp;&nbsp;&nbsp;&nbsp;&nbsp;&nbsp;&nbsp;&nbsp; Bulletin 2011 &nbsp;&nbsp;&nbsp; Bulletin Automne 2011 &hellip; <\/p>\n<p class=\"link-more\"><a href=\"https:\/\/www.cheminsfaisant.org\/site\/bulletins-de-lassociation-2\/\" class=\"more-link\">Continuer la lecture<span class=\"screen-reader-text\"> de &laquo;&nbsp;Bulletins de l&rsquo;association&nbsp;&raquo;<\/span><\/a><\/p>\n","protected":false},"author":1,"featured_media":0,"parent":0,"menu_order":0,"comment_status":"closed","ping_status":"closed","template":"","meta":{"footnotes":""},"class_list":["post-1235","page","type-page","status-publish","hentry"],"_links":{"self":[{"href":"https:\/\/www.cheminsfaisant.org\/site\/wp-json\/wp\/v2\/pages\/1235","targetHints":{"allow":["GET"]}}],"collection":[{"href":"https:\/\/www.cheminsfaisant.org\/site\/wp-json\/wp\/v2\/pages"}],"about":[{"href":"https:\/\/www.cheminsfaisant.org\/site\/wp-json\/wp\/v2\/types\/page"}],"author":[{"embeddable":true,"href":"https:\/\/www.cheminsfaisant.org\/site\/wp-json\/wp\/v2\/users\/1"}],"replies":[{"embeddable":true,"href":"https:\/\/www.cheminsfaisant.org\/site\/wp-json\/wp\/v2\/comments?post=1235"}],"version-history":[{"count":22,"href":"https:\/\/www.cheminsfaisant.org\/site\/wp-json\/wp\/v2\/pages\/1235\/revisions"}],"predecessor-version":[{"id":3335,"href":"https:\/\/www.cheminsfaisant.org\/site\/wp-json\/wp\/v2\/pages\/1235\/revisions\/3335"}],"wp:attachment":[{"href":"https:\/\/www.cheminsfaisant.org\/site\/wp-json\/wp\/v2\/media?parent=1235"}],"curies":[{"name":"wp","href":"https:\/\/api.w.org\/{rel}","templated":true}]}}