{"id":105,"date":"2019-05-01T17:51:28","date_gmt":"2019-05-01T15:51:28","guid":{"rendered":"https:\/\/www.cheminsfaisant.org\/site\/?page_id=105"},"modified":"2024-11-24T16:35:48","modified_gmt":"2024-11-24T15:35:48","slug":"prix-jacques-lacarriere-2018","status":"publish","type":"page","link":"https:\/\/www.cheminsfaisant.org\/site\/prix-jacques-lacarriere-2018\/","title":{"rendered":"Prix Litt\u00e9raire Jacques Lacarri\u00e8re 2018"},"content":{"rendered":"\n<p><strong>Le prix litt\u00e9raire Jacques Lacarri\u00e8re d\u00e9cern\u00e9 \u00e0 Jean-Luc Raharimanana pour son roman Revenir<\/strong><br>Ce lundi 10 d\u00e9cembre, le jury de cette premi\u00e8re \u00e9dition du prix litt\u00e9raire Jacques Lacarri\u00e8re, r\u00e9uni \u00e0 l\u2019Institut du monde arabe et pr\u00e9sid\u00e9 par Gil Jouanard, a r\u00e9compens\u00e9 l\u2019auteur malgache Jean-Luc Raharimanana pour son livre Revenir, paru aux \u00e9ditions Rivages en mars 2018.<br> Hommage au m\u00e9tissage et \u00e0 la paix, cri de d\u00e9tresse et d\u2019espoir, ce roman aux fronti\u00e8res de l\u2019autobiographie est une d\u00e9claration d\u2019amour \u00e0 Madagascar et \u00e0 la litt\u00e9rature.       <\/p>\n\n\n\n<p><strong>Le mot de Sylvia Lipa-Lacarri\u00e8re :<\/strong><br>\n\u00ab Je me r\u00e9jouis que le jury se soit accord\u00e9 sur un livre d\u2019une si grande qualit\u00e9 litt\u00e9raire et o\u00f9 l\u2019on retrouve l\u2019essentiel de l\u2019univers de Jacques Lacarri\u00e8re et de ses pr\u00e9occupations. Jacques se disait non pas \u00ab engag\u00e9 \u00bb mais \u00ab engag\u00e9 dans sa vie et dans son \u00e9poque \u00bb. Les pages magnifiques de \u00ab Revenir \u00bb sur la nature, la fa\u00e7on dont l\u2019auteur, \u00e0 travers un destin personnel, rencontre l\u2019essentiel, \u00e9crit sur l\u2019exil, le m\u00e9tissage, l\u2019amour, la po\u00e9sie sont en r\u00e9sonnance avec le monde de Jacques Lacarri\u00e8re, et l\u2019agrandit encore \u00bb.<\/p>\n\n\n\n<div class=\"wp-block-file\"><a href=\"https:\/\/www.cheminsfaisant.org\/site\/wp-content\/uploads\/2019\/09\/CF-Bibracte-Prix-Lacarriere-2018.12.11.pdf\">CF-Bibracte-Prix-Lacarriere-2018.12.11<\/a><a href=\"https:\/\/www.cheminsfaisant.org\/site\/wp-content\/uploads\/2019\/09\/CF-Bibracte-Prix-Lacarriere-2018.12.11.pdf\" class=\"wp-block-file__button\" download>T\u00e9l\u00e9charger<\/a><\/div>\n\n\n\n<div class=\"wp-block-file\"><a href=\"https:\/\/www.cheminsfaisant.org\/site\/wp-content\/uploads\/2019\/09\/CF-Prix-JL-R\u00e9glement.pdf\">R\u00e8glement du prix Jacques Lacarri\u00e8re<\/a><a href=\"https:\/\/www.cheminsfaisant.org\/site\/wp-content\/uploads\/2019\/09\/CF-Prix-JL-R\u00e9glement.pdf\" class=\"wp-block-file__button\" download>T\u00e9l\u00e9charger<\/a><\/div>\n\n\n\n<p><a rel=\"noreferrer noopener\" href=\"http:\/\/bibracte.fr\/fr\/approfondir\/la-gazette-de-bibracte\" target=\"_blank\">Le site de  Bibracte<\/a> &#8230;<br><\/p>\n\n\n\n<p><strong>Extraits de <em>Revenir<\/em> :<\/strong><\/p>\n\n\n\n<p>\u2026.&nbsp;Les chants de m\u00e9moire pour les jours qui ressemblent \u00e0 la nuit, les chants de m\u00e9moire pour les nuits qui s\u2019as- semblent aux jours, les chants de m\u00e9moire pour les jours \u00e0 forger du pass\u00e9, pour les nuits qui passent \u00e0 l\u2019oubli du plus tard, au lendemain o\u00f9 hier n\u2019a plus de sens qu\u2019aujourd\u2019hui, Hira n\u2019est plus qu\u2019un mouvement qui va vers le plus l\u00e9ger, une sensation de refus qui vient du vide, il caresse les visages et attise quelques nerfs qui font tressaillir, m\u00e9moire quand l\u2019indiff\u00e9rence et l\u2019imposture posent leurs masques. Hira est de la horde des voleurs de songes, Hira est de la horde des ripailleurs de voix, Hira est de la horde des orpailleurs d\u2019histoire, Hira est, Hira n\u2019est plus, Hira ne vit plus, Hira vit, Hira n\u2019existe plus, Hira existe. Hira est la harde sur le dos de l\u2019ombre, Hira est l\u2019ombre sur le pli des obscurs, il est de la horde des voleurs de songes, il est de la horde des ripailleurs de voix, il n\u2019est plus, il vous suit, il ne vit plus, il vous vise, il n\u2019existe plus, il vous exige, Hira est de la horde des rocailleurs de ch\u0153ur et des grands tam- bours de chair, Hira fait m\u00e9moire en s\u2019enracinant dans le vide, il est, il ne suit pas, il vit, il ne v\u00eat pas, il existe, il n\u2019existe pas. Il est. Il rend nu. Et quand sera sem\u00e9 ce qui sera pour s\u2019aimer, il prendra le pas du vent et s\u2019en ira sans trace, il ne sait de quelle plante il a ravi l\u2019\u00e9corce de sa m\u00e9moire, peau morte de son histoire, il ne sait de quelle racine il a \u00e9tir\u00e9 les vert\u00e8bres de son dos, mais quand sera sem\u00e9 ce qui sera pour s\u2019aimer, il s\u2019en ira, il s\u2019en ira, il s\u2019en ira, il s\u2019en ira. L\u2019\u0153il fatigue d\u2019avoir trop vu, trop su, trop lu, il s\u2019en ira, lettres du vent et alphabet de l\u2019oubli, sur la danse du temps et des infimes transes&#8230;&nbsp;<\/p>\n\n\n\n<p>\u00ab &#8230;. Que changer du monde sinon l\u2019homme ? <br>Entre la main et l\u2019\u0153il, l\u2019envie, le d\u00e9sir, le r\u00eave du toucher, la marche vers la possession, le r\u00eave de puissance : nous avons vu, nous aurons ?<br>Entre la caresse du regard et du toucher que changer du monde sinon l\u2019envie, l\u2019envie de poss\u00e9der ?<br>Les mots tiss\u00e9s entre l\u2019\u0153il et la main&#8230;<br>Les fronti\u00e8res disent que l\u00e0 sont les propri\u00e9t\u00e9s des uns et des autres, que l\u00e0 sont ce que les mains peuvent toucher ou pas.<br>M\u00e9tamorphose de l\u2019envie, les langues naissent des chrysalides de la contemplation. C\u2019est ce que Hira changerait : pouvoir tisser du fil du regard des lambeaux de paroles pour dire le monde, et surprendre l\u2019ouvrage sur l\u2019\u00e9lan du toucher et de l\u2019appropriation, revenir \u00e0 cet \u00e9tat seulement : admirer.<br>Revenir&#8230;<br>Qui regarde tarde \u00e0 d\u00e9m\u00ealer l\u2019homme de la nature. Qui regarde oublie qu\u2019il est devenu tout cela \u00e0 la fois, de-ci, de-l\u00e0, feuille cousue sur les accrocs du ciel, bout d\u2019une eau ourl\u00e9e au c\u0153ur de la poussi\u00e8re, tout cela \u00e0 la fois, un peu de terre et de ciel&#8230;<br>C\u2019 est ce que Hira changerait : l\u2019 homme. Vaine tentative ou r\u00eave n\u00e9cessaire&#8230; \u00bb<\/p>\n\n\n\n<p><\/p>\n","protected":false},"excerpt":{"rendered":"<p>Le prix litt\u00e9raire Jacques Lacarri\u00e8re d\u00e9cern\u00e9 \u00e0 Jean-Luc Raharimanana pour son roman RevenirCe lundi 10 d\u00e9cembre, le jury de cette premi\u00e8re \u00e9dition du prix litt\u00e9raire Jacques Lacarri\u00e8re, r\u00e9uni \u00e0 l\u2019Institut du monde arabe et pr\u00e9sid\u00e9 par Gil Jouanard, a r\u00e9compens\u00e9 l\u2019auteur malgache Jean-Luc Raharimanana pour son livre Revenir, paru aux \u00e9ditions Rivages en mars 2018. &hellip; <\/p>\n<p class=\"link-more\"><a href=\"https:\/\/www.cheminsfaisant.org\/site\/prix-jacques-lacarriere-2018\/\" class=\"more-link\">Continuer la lecture<span class=\"screen-reader-text\"> de &laquo;&nbsp;Prix Litt\u00e9raire Jacques Lacarri\u00e8re 2018&nbsp;&raquo;<\/span><\/a><\/p>\n","protected":false},"author":1,"featured_media":106,"parent":0,"menu_order":0,"comment_status":"closed","ping_status":"closed","template":"","meta":{"footnotes":""},"class_list":["post-105","page","type-page","status-publish","has-post-thumbnail","hentry"],"_links":{"self":[{"href":"https:\/\/www.cheminsfaisant.org\/site\/wp-json\/wp\/v2\/pages\/105","targetHints":{"allow":["GET"]}}],"collection":[{"href":"https:\/\/www.cheminsfaisant.org\/site\/wp-json\/wp\/v2\/pages"}],"about":[{"href":"https:\/\/www.cheminsfaisant.org\/site\/wp-json\/wp\/v2\/types\/page"}],"author":[{"embeddable":true,"href":"https:\/\/www.cheminsfaisant.org\/site\/wp-json\/wp\/v2\/users\/1"}],"replies":[{"embeddable":true,"href":"https:\/\/www.cheminsfaisant.org\/site\/wp-json\/wp\/v2\/comments?post=105"}],"version-history":[{"count":10,"href":"https:\/\/www.cheminsfaisant.org\/site\/wp-json\/wp\/v2\/pages\/105\/revisions"}],"predecessor-version":[{"id":3377,"href":"https:\/\/www.cheminsfaisant.org\/site\/wp-json\/wp\/v2\/pages\/105\/revisions\/3377"}],"wp:featuredmedia":[{"embeddable":true,"href":"https:\/\/www.cheminsfaisant.org\/site\/wp-json\/wp\/v2\/media\/106"}],"wp:attachment":[{"href":"https:\/\/www.cheminsfaisant.org\/site\/wp-json\/wp\/v2\/media?parent=105"}],"curies":[{"name":"wp","href":"https:\/\/api.w.org\/{rel}","templated":true}]}}